{"id":6589,"date":"2017-02-24T08:22:36","date_gmt":"2017-02-24T08:22:36","guid":{"rendered":"http:\/\/baker.edge-themes.com\/?page_id=6589"},"modified":"2024-12-27T03:07:56","modified_gmt":"2024-12-27T03:07:56","slug":"home","status":"publish","type":"page","link":"https:\/\/abcbakery.co\/","title":{"rendered":"Trang ch\u1ee7"},"content":{"rendered":"<div class=\"wpb-content-wrapper\"><p>[vc_row row_content_width=&#8221;grid&#8221;][vc_column]<div class=\"edgtf-elements-holder edgtf-two-columns edgtf-responsive-mode-1024\" ><div class=\"edgtf-eh-item \"  data-item-class=\"edgtf-eh-custom-235342\">\n\t<div class=\"edgtf-eh-item-inner\">\n\t\t<div class=\"edgtf-eh-item-content edgtf-eh-custom-235342\" style=\"padding: 97px 0 95px 0\">\n\t\t\t[vc_single_image image=&#8221;12071&#8243; img_size=&#8221;full&#8221; css=&#8221;&#8221;]\t\t<\/div>\n\t<\/div>\n<\/div><div class=\"edgtf-eh-item \"  data-item-class=\"edgtf-eh-custom-753086\" data-1024-1280=\"0 6% 0 6%\" data-768-1024=\"21px 20% 155px 6%\" data-600-768=\"21px 6% 155px 0%\" data-480-600=\"0 0% 113px 0%\" data-480=\"0 0% 113px 0%\">\n\t<div class=\"edgtf-eh-item-inner\">\n\t\t<div class=\"edgtf-eh-item-content edgtf-eh-custom-753086\" style=\"padding: 0 21% 0 0%\">\n\t\t\t<div class=\"edgtf-section-title-holder\" style=\"text-align: left\">\n\t\t\t\t\t<h2 class=\"edgtf-st-title\" style=\"color: #303030;font-weight: 700\">\n\t\t\t<span>\u201c V\u1ec1 ABC Bakery<\/span>\n\t\t<\/h2>\n\t\t\t\t<p class=\"edgtf-st-text\" style=\"color: #666666;font-size: 16.05px;line-height: 30px;font-weight: 300;margin-top: 22px\">Kh\u1edfi \u0111\u1ea7u t\u1eeb n\u0103m 1989, v\u1edbi c\u00e1ch l\u00e0m b\u00e1nh theo ki\u1ec3u th\u1ee7 c\u00f4ng, \u00f4ng Kao Si\u00eau L\u1ef1c \u0111\u00e3 v\u1eadn d\u1ee5ng kinh nghi\u1ec7m l\u00e0m b\u00e1nh qua nhi\u1ec1u th\u1eadp k\u1ef7 \u0111\u1ec3 th\u00e0nh l\u1eadp n\u00ean c\u00f4ng ty C\u1ed5 Ph\u1ea7n B\u00e1nh K\u1eb9o \u00c1 Ch\u00e2u ABC Bakery (Asia Bakery &amp; Confectionery). C\u00f9ng v\u1edbi s\u1ef1 t\u1ed5 ch\u1ee9c, qu\u1ea3n l\u00fd c\u00f3 h\u1ec7 th\u1ed1ng v\u00e0 khoa h\u1ecdc, th\u01b0\u01a1ng hi\u1ec7u ABC Bakery ng\u00e0y nay \u0111\u00e3 ph\u00e1t tri\u1ec3n h\u1ec7 th\u1ed1ng c\u1eeda h\u00e0ng v\u00e0 m\u1ea1ng l\u01b0\u1edbi ph\u00e2n ph\u1ed1i b\u00e1nh r\u1ed9ng kh\u1eafp ra to\u00e0n th\u00e0nh ph\u1ed1 v\u00e0 c\u00e1c t\u1ec9nh l\u00e2n c\u1eadn.\u201d<\/p>\n\t<\/div>[vc_empty_space height=&#8221;16px&#8221;][vc_empty_space height=&#8221;44px&#8221;]<a itemprop=\"url\" href=\"https:\/\/abcbakery.co\/?page_id=8580\" target=\"_self\"  class=\"edgtf-btn edgtf-btn-medium edgtf-btn-solid\"  >\n    <span class=\"edgtf-btn-text\">Xem th\u00eam<\/span>\n    <\/a>\t\t<\/div>\n\t<\/div>\n<\/div><\/div>[\/vc_column][\/vc_row][vc_row][vc_column offset=&#8221;vc_col-lg-4 vc_col-md-12 vc_col-xs-12&#8243;]<div class=\"edgtf-ib-holder edgtf-ib-info-hover edgtf-ib-info-skin-gray edgtf-info-type-transparent\">\n\t<div class=\"edgtf-ib-holder-inner  edgtf-vertical-middle-align edgtf-has-parallax edgtf-disabled-parallax-on-touch\" style=\"background-image: url(https:\/\/abcbakery.co\/wp-content\/uploads\/2024\/12\/Nguyen-lieu-hang-dau-luon-dat-chat-luong-cao.png)\"  data-parallax-speed=\"1\">\n\t    <div class=\"edgtf-ib-text-holder\">\n\t\t    <div class=\"edgtf-ib-text-inner edgtf-ib-custom-147315\" data-item-class=\"edgtf-ib-custom-147315\" data-1280=\"150px 14% 150px 14%\" style=\"padding: 238px 20% 238px 20%\">\n\t\t        \t\t            <h3 class=\"edgtf-ib-title\" style=\"color: #ffffff\">Nguy\u00ean li\u1ec7u h\u00e0ng \u0111\u1ea7u lu\u00f4n \u0111\u1ea1t ch\u1ea5t l\u01b0\u1ee3ng cao<\/h3>\n\t\t        \t\t\t\t\t\t\t    <a itemprop=\"url\" href=\"https:\/\/youtu.be\/d3WuH5poX8M?si=-krkfq5no1cTHI30\" target=\"_self\" style=\"color: #ffffff;border-color: rgba(204,204,204,0.8)\" class=\"edgtf-btn edgtf-btn-medium edgtf-btn-outline edgtf-ib-link\"  >    <span class=\"edgtf-btn-text\">Xem th\u00eam<\/span>    <\/a>\t\t\t<\/div>\n\t\t<\/div>\n\t<\/div>\n<\/div>[\/vc_column][vc_column offset=&#8221;vc_col-lg-4 vc_col-md-12 vc_col-xs-12&#8243;]<div class=\"edgtf-ib-holder edgtf-ib-info-hover edgtf-ib-info-skin-gray edgtf-info-type-transparent\">\n\t<div class=\"edgtf-ib-holder-inner  edgtf-vertical-middle-align edgtf-has-parallax edgtf-disabled-parallax-on-touch\" style=\"background-image: url(https:\/\/abcbakery.co\/wp-content\/uploads\/2024\/12\/Ky-thuat-cung-kinh-nghiem-lam-banh.png)\"  data-parallax-speed=\"1\">\n\t    <div class=\"edgtf-ib-text-holder\">\n\t\t    <div class=\"edgtf-ib-text-inner edgtf-ib-custom-464131\" data-item-class=\"edgtf-ib-custom-464131\" data-1280=\"150px 14% 150px 14%\" style=\"padding: 238px 20% 238px 20%\">\n\t\t        \t\t            <h3 class=\"edgtf-ib-title\" >K\u1ef9 thu\u1eadt c\u00f9ng kinh nghi\u1ec7m l\u00e0m b\u00e1nh<\/h3>\n\t\t        \t\t\t\t\t\t\t    <a itemprop=\"url\" href=\"https:\/\/youtu.be\/d3WuH5poX8M?si=-krkfq5no1cTHI30\" target=\"_self\" style=\"color: #ffffff;border-color: rgba(204,204,204,0.8)\" class=\"edgtf-btn edgtf-btn-medium edgtf-btn-outline edgtf-ib-link\"  >    <span class=\"edgtf-btn-text\">Xem th\u00eam<\/span>    <\/a>\t\t\t<\/div>\n\t\t<\/div>\n\t<\/div>\n<\/div>[\/vc_column][vc_column offset=&#8221;vc_col-lg-4 vc_col-md-12 vc_col-xs-12&#8243;]<div class=\"edgtf-ib-holder edgtf-ib-info-hover edgtf-ib-info-skin-gray edgtf-info-type-transparent\">\n\t<div class=\"edgtf-ib-holder-inner  edgtf-vertical-middle-align edgtf-has-parallax edgtf-disabled-parallax-on-touch\" style=\"background-image: url(https:\/\/abcbakery.co\/wp-content\/uploads\/2024\/12\/may-moc-thiet-bi-san-xuat-tien-tien-1.png)\"  data-parallax-speed=\"1\">\n\t    <div class=\"edgtf-ib-text-holder\">\n\t\t    <div class=\"edgtf-ib-text-inner edgtf-ib-custom-191780\" data-item-class=\"edgtf-ib-custom-191780\" data-1280=\"150px 14% 150px 14%\" style=\"padding: 238px 20% 238px 20%\">\n\t\t        \t\t            <h3 class=\"edgtf-ib-title\" >M\u00e1y m\u00f3c thi\u1ebft b\u1ecb s\u1ea3n xu\u1ea5t ti\u00ean ti\u1ebfn<\/h3>\n\t\t        \t\t\t\t\t\t\t    <a itemprop=\"url\" href=\"https:\/\/youtu.be\/d3WuH5poX8M?si=-krkfq5no1cTHI30\" target=\"_self\" style=\"color: #ffffff;border-color: rgba(204,204,204,0.8)\" class=\"edgtf-btn edgtf-btn-medium edgtf-btn-outline edgtf-ib-link\"  >    <span class=\"edgtf-btn-text\">Xem th\u00eam<\/span>    <\/a>\t\t\t<\/div>\n\t\t<\/div>\n\t<\/div>\n<\/div>[\/vc_column][\/vc_row][vc_row row_content_width=&#8221;grid&#8221;][vc_column]<div class=\"edgtf-elements-holder edgtf-two-columns edgtf-responsive-mode-1024\" ><div class=\"edgtf-eh-item \"  data-item-class=\"edgtf-eh-custom-861498\">\n\t<div class=\"edgtf-eh-item-inner\">\n\t\t<div class=\"edgtf-eh-item-content edgtf-eh-custom-861498\" style=\"padding: 97px 0 95px 0\">\n\t\t\t[vc_single_image image=&#8221;12614&#8243; img_size=&#8221;full&#8221; css=&#8221;&#8221;]\t\t<\/div>\n\t<\/div>\n<\/div><div class=\"edgtf-eh-item \"  data-item-class=\"edgtf-eh-custom-779360\" data-1024-1280=\"0 6% 0 6%\" data-768-1024=\"21px 20% 155px 6%\" data-600-768=\"21px 6% 155px 0%\" data-480-600=\"0 0% 113px 0%\" data-480=\"0 0% 113px 0%\">\n\t<div class=\"edgtf-eh-item-inner\">\n\t\t<div class=\"edgtf-eh-item-content edgtf-eh-custom-779360\" style=\"padding: 0 21% 0 0%\">\n\t\t\t<div class=\"edgtf-section-title-holder\" style=\"text-align: left\">\n\t\t\t\t\t<h2 class=\"edgtf-st-title\" style=\"color: #303030;font-weight: 700\">\n\t\t\t<span>\u201cThe key to partnership success<\/span>\n\t\t<\/h2>\n\t\t\t\t<p class=\"edgtf-st-text\" style=\"color: #666666;font-size: 16.05px;line-height: 30px;font-weight: 300;margin-top: 22px\">Kh\u00e1m ph\u00e1 t\u1ea5t c\u1ea3 nh\u1eefng g\u00ec ABC Bakery c\u00f3 th\u1ec3 mang l\u1ea1i cho Qu\u00fd Doanh Nghi\u1ec7p v\u1edbi h\u1ed3 s\u01a1 n\u0103ng l\u1ef1c chi ti\u1ebft v\u00e0 \u1ea5n t\u01b0\u1ee3ng. \u0110\u01b0\u1ee3c x\u00e2y d\u1ef1ng b\u1eb1ng s\u1ef1 t\u1eadn t\u00e2m v\u00e0 chuy\u00ean nghi\u1ec7p, ABC Bakery tr\u00e2n tr\u1ecdng c\u01a1 h\u1ed9i \u0111\u01b0\u1ee3c h\u1ee3p t\u00e1c v\u1edbi Qu\u00fd Doanh Nghi\u1ec7p trong l\u01b0\u01a1ng lai.<\/p>\n\t<\/div>[vc_empty_space height=&#8221;16px&#8221;][vc_column_text css=&#8221;&#8221;]<\/p>\n<div>\n<p>H\u00e3y g\u1eedi email \u0111\u1ec3 nh\u1eadn ngay H\u1ed3 s\u01a1 n\u0103ng l\u1ef1c c\u1ee7a ABC Bakery gi\u00fap Qu\u00fd Doanh Nghi\u1ec7p hi\u1ec3u r\u00f5 h\u01a1n v\u1ec1 gi\u00e1 tr\u1ecb m\u00e0 ch\u00fang t\u00f4i mang \u0111\u1ebfn.\u201d<\/p><\/div>\n<p><span style=\"color: #666666; font-size: 14px; line-height: 27px; font-weight: 300;\">\u00a0<\/span>[\/vc_column_text][vc_empty_space height=&#8221;44px&#8221;]\n<div class=\"wpcf7 no-js\" id=\"wpcf7-f6535-o1\" lang=\"en-US\" dir=\"ltr\" data-wpcf7-id=\"6535\">\n<div class=\"screen-reader-response\"><p role=\"status\" aria-live=\"polite\" aria-atomic=\"true\"><\/p> <ul><\/ul><\/div>\n<form action=\"\/index.php?rest_route=%2Fwp%2Fv2%2Fpages%2F6589#wpcf7-f6535-o1\" method=\"post\" class=\"wpcf7-form init\" aria-label=\"Contact form\" novalidate=\"novalidate\" data-status=\"init\">\n<fieldset class=\"hidden-fields-container\"><input type=\"hidden\" name=\"_wpcf7\" value=\"6535\" \/><input type=\"hidden\" name=\"_wpcf7_version\" value=\"6.1.2\" \/><input type=\"hidden\" name=\"_wpcf7_locale\" value=\"en_US\" \/><input type=\"hidden\" name=\"_wpcf7_unit_tag\" value=\"wpcf7-f6535-o1\" \/><input type=\"hidden\" name=\"_wpcf7_container_post\" value=\"0\" \/><input type=\"hidden\" name=\"_wpcf7_posted_data_hash\" value=\"\" \/>\n<\/fieldset>\n<div class=\"edgtf-two-columns-form-without-space edgtf-newsletter-form clearfix\">\n\t<div class=\"edgtf-column-left\">\n\t\t<p><span class=\"wpcf7-form-control-wrap\" data-name=\"your-email\"><input size=\"40\" maxlength=\"100\" class=\"wpcf7-form-control wpcf7-email wpcf7-validates-as-required wpcf7-text wpcf7-validates-as-email\" aria-required=\"true\" aria-invalid=\"false\" placeholder=\"\u0110\u1ecba ch\u1ec9 Email\" value=\"\" type=\"email\" name=\"your-email\" \/><\/span>\n\t\t<\/p>\n\t<\/div>\n\t<div class=\"edgtf-column-right\">\n\t\t<p><input class=\"wpcf7-form-control wpcf7-submit has-spinner\" type=\"submit\" value=\"G\u1eedi\" \/>\n\t\t<\/p>\n\t<\/div>\n<\/div><div class=\"wpcf7-response-output\" aria-hidden=\"true\"><\/div>\n<\/form>\n<\/div>\n\t\t<\/div>\n\t<\/div>\n<\/div><\/div>[\/vc_column][\/vc_row][vc_row content_text_aligment=&#8221;center&#8221;][vc_column css=&#8221;.vc_custom_1489754629429{padding-right: 0px !important;padding-left: 0px !important;}&#8221;]<div class=\"edgtf-parallax-holder edgtf-vertical-middle-align edgtf-disabled-parallax-on-touch\" data-parallax-speed=\"1\" style=\"background-image: url(https:\/\/abcbakery.co\/wp-content\/uploads\/2024\/12\/chrismas-cake.png);min-height: 400px;height: 400px\">\n\t<div class=\"edgtf-parallax-inner\">\n\t\t[vc_empty_space height=&#8221;100px&#8221;][vc_empty_space height=&#8221;100px&#8221;]<a itemprop=\"url\" href=\"https:\/\/abcbakery.co\/?page_id=7479\" target=\"_self\" style=\"color: #FFFFFF;background-color: rgba(255,255,255,0.01);border-color: #bfbab9;margin: 30px\" class=\"edgtf-btn edgtf-btn-large edgtf-btn-solid\"  >\n    <span class=\"edgtf-btn-text\">Xem th\u00eam<\/span>\n    <\/a><div class=\"edgtf-elements-holder edgtf-one-column edgtf-responsive-mode-768\" ><div class=\"edgtf-eh-item \"  data-item-class=\"edgtf-eh-custom-155531\" data-1280-1600=\"82px 34% 73px 34%\" data-1024-1280=\"30px 32.5% 53px 32.5%\" data-768-1024=\"30px 28% 53px 28%\" data-600-768=\"30px 20% 53px 20%\" data-480-600=\"43px 8% 44px 8%\" data-480=\"43px 8% 44px 8%\">\n\t<div class=\"edgtf-eh-item-inner\">\n\t\t<div class=\"edgtf-eh-item-content edgtf-eh-custom-155531\" style=\"padding: 82px 38% 73px 38%\">\n\t\t\t[vc_empty_space]\t\t<\/div>\n\t<\/div>\n<\/div><\/div>\t<\/div>\n<\/div>\n[\/vc_column][\/vc_row][vc_row css=&#8221;.vc_custom_1488545276640{padding-top: 70px !important;padding-bottom: 10px !important;}&#8221;][vc_column][vc_row_inner row_content_width=&#8221;grid&#8221;][vc_column_inner offset=&#8221;vc_col-lg-6 vc_col-md-12 vc_col-xs-12&#8243;]<div class=\"edgtf-elements-holder edgtf-one-column edgtf-responsive-mode-768\" ><div class=\"edgtf-eh-item \"  data-item-class=\"edgtf-eh-custom-829723\" data-1024-1280=\"33px 0% 0px 0%\" data-768-1024=\"28px 27% 71px 0%\" data-600-768=\"28px 8% 71px 0%\" data-480-600=\"35px 0% 70px 0%\" data-480=\"35px 0% 70px 0%\">\n\t<div class=\"edgtf-eh-item-inner\">\n\t\t<div class=\"edgtf-eh-item-content edgtf-eh-custom-829723\" style=\"padding: 32px 12% 0px 0%\">\n\t\t\t<div class=\"edgtf-section-title-holder\" style=\"text-align: left\">\n\t\t\t\t\t<h2 class=\"edgtf-st-title\" style=\"color: #303030;font-weight: 700;letter-spacing: 0px\">\n\t\t\t<span>\u201cQuy m\u00f4 kinh doanh<\/span>\n\t\t<\/h2>\n\t\t\t\t<p class=\"edgtf-st-text\" style=\"color: #666666;font-size: 16.05px;line-height: 30px;font-weight: 300;margin-top: 22px\">V\u1edbi m\u1ea1ng l\u01b0\u1edbi h\u1ec7 th\u1ed1ng ph\u00e2n x\u01b0\u1edfng v\u00e0 chi nh\u00e1nh nh\u01b0 Th\u00e0nh ph\u1ed1 H\u1ed3 Ch\u00ed Minh, Nha Trang, \u0110\u00e0 N\u1eb5ng ABC Bakery lu\u00f4n \u0111\u1ea3m b\u1ea3o kh\u1ea3 n\u0103ng cung \u1ee9ng v\u00e0 xu\u1ea5t kh\u1ea9u \u0111\u1ebfn c\u00e1c th\u1ecb tr\u01b0\u1eddng nh\u01b0 M\u1ef9, Anh, Nh\u1eadt B\u1ea3n, H\u00e0n Qu\u1ed1c, Singapore v\u00e0 \u00dac\u201d<\/p>\n\t<\/div>[vc_empty_space height=&#8221;19px&#8221;][vc_empty_space height=&#8221;39px&#8221;]<a itemprop=\"url\" href=\"#\" target=\"_self\" style=\"color: #333333;background-color: #ffffff;border-color: #cccccc;font-size: 11px;font-weight: 600;margin: 0 0 18px 0\" class=\"edgtf-btn edgtf-btn-medium edgtf-btn-solid vc_btn3\"  >\n    <span class=\"edgtf-btn-text\">B2C<\/span>\n    <\/a><a itemprop=\"url\" href=\"#\" target=\"_self\" style=\"color: #ffffff;background-color: #333333;font-size: 11px;font-weight: 600;margin: 0 16px 18px 30px\" class=\"edgtf-btn edgtf-btn-medium edgtf-btn-solid vc_btn3\"  >\n    <span class=\"edgtf-btn-text\">B2B<\/span>\n    <\/a>\t\t<\/div>\n\t<\/div>\n<\/div><\/div>[\/vc_column_inner][vc_column_inner offset=&#8221;vc_col-lg-3 vc_col-md-12 vc_col-xs-12&#8243;]<div class=\"edgtf-elements-holder edgtf-one-column edgtf-responsive-mode-768\" ><div class=\"edgtf-eh-item edgtf-horizontal-alignment-center\"  data-item-class=\"edgtf-eh-custom-633723\" data-768-1024=\"49px 0 70px 0\" data-480-600=\"49px 0 72px 0\" data-480=\"49px 0 72px 0\">\n\t<div class=\"edgtf-eh-item-inner\">\n\t\t<div class=\"edgtf-eh-item-content edgtf-eh-custom-633723\" style=\"padding: 49px 0 109px 0\">\n\t\t\t[vc_single_image image=&#8221;12662&#8243; img_size=&#8221;full&#8221; onclick=&#8221;link_image&#8221; css_animation=&#8221;slideInRight&#8221; css=&#8221;&#8221; el_id=&#8221;b2c-image&#8221;]\t\t<\/div>\n\t<\/div>\n<\/div><\/div>[\/vc_column_inner][vc_column_inner offset=&#8221;vc_col-lg-3 vc_col-md-12 vc_col-xs-12&#8243;]<div class=\"edgtf-elements-holder edgtf-one-column edgtf-responsive-mode-768\" ><div class=\"edgtf-eh-item edgtf-horizontal-alignment-center\"  data-item-class=\"edgtf-eh-custom-782862\" data-768-1024=\"49px 0 109px 0\">\n\t<div class=\"edgtf-eh-item-inner\">\n\t\t<div class=\"edgtf-eh-item-content edgtf-eh-custom-782862\" style=\"padding: 49px 0 109px 0\">\n\t\t\t[vc_single_image image=&#8221;12659&#8243; img_size=&#8221;full&#8221; onclick=&#8221;link_image&#8221; css_animation=&#8221;slideInRight&#8221; css=&#8221;&#8221; el_id=&#8221;b2b-image&#8221;]\t\t<\/div>\n\t<\/div>\n<\/div><\/div>[\/vc_column_inner][\/vc_row_inner][\/vc_column][\/vc_row]<\/p>\n<\/div>","protected":false},"excerpt":{"rendered":"<p>[vc_row row_content_width=&#8221;grid&#8221;][vc_column][\/vc_column][\/vc_row][vc_row][vc_column offset=&#8221;vc_col-lg-4 vc_col-md-12 vc_col-xs-12&#8243;][\/vc_column][vc_column offset=&#8221;vc_col-lg-4 vc_col-md-12 vc_col-xs-12&#8243;][\/vc_column][vc_column offset=&#8221;vc_col-lg-4 vc_col-md-12 vc_col-xs-12&#8243;][\/vc_column][\/vc_row][vc_row row_content_width=&#8221;grid&#8221;][vc_column][\/vc_column][\/vc_row][vc_row content_text_aligment=&#8221;center&#8221;][vc_column css=&#8221;.vc_custom_1489754629429{padding-right: 0px !important;padding-left: 0px !important;}&#8221;][\/vc_column][\/vc_row][vc_row css=&#8221;.vc_custom_1488545276640{padding-top: 70px !important;padding-bottom: 10px !important;}&#8221;][vc_column][vc_row_inner row_content_width=&#8221;grid&#8221;][vc_column_inner offset=&#8221;vc_col-lg-6 vc_col-md-12 vc_col-xs-12&#8243;][\/vc_column_inner][vc_column_inner offset=&#8221;vc_col-lg-3 vc_col-md-12 vc_col-xs-12&#8243;][\/vc_column_inner][vc_column_inner offset=&#8221;vc_col-lg-3 vc_col-md-12 vc_col-xs-12&#8243;][\/vc_column_inner][\/vc_row_inner][\/vc_column][\/vc_row]<\/p>\n","protected":false},"author":1,"featured_media":0,"parent":0,"menu_order":0,"comment_status":"closed","ping_status":"closed","template":"full-width.php","meta":{"footnotes":""},"class_list":["post-6589","page","type-page","status-publish","hentry"],"_links":{"self":[{"href":"https:\/\/abcbakery.co\/index.php?rest_route=\/wp\/v2\/pages\/6589","targetHints":{"allow":["GET"]}}],"collection":[{"href":"https:\/\/abcbakery.co\/index.php?rest_route=\/wp\/v2\/pages"}],"about":[{"href":"https:\/\/abcbakery.co\/index.php?rest_route=\/wp\/v2\/types\/page"}],"author":[{"embeddable":true,"href":"https:\/\/abcbakery.co\/index.php?rest_route=\/wp\/v2\/users\/1"}],"replies":[{"embeddable":true,"href":"https:\/\/abcbakery.co\/index.php?rest_route=%2Fwp%2Fv2%2Fcomments&post=6589"}],"version-history":[{"count":43,"href":"https:\/\/abcbakery.co\/index.php?rest_route=\/wp\/v2\/pages\/6589\/revisions"}],"predecessor-version":[{"id":12668,"href":"https:\/\/abcbakery.co\/index.php?rest_route=\/wp\/v2\/pages\/6589\/revisions\/12668"}],"wp:attachment":[{"href":"https:\/\/abcbakery.co\/index.php?rest_route=%2Fwp%2Fv2%2Fmedia&parent=6589"}],"curies":[{"name":"wp","href":"https:\/\/api.w.org\/{rel}","templated":true}]}}