{"id":7016,"date":"2017-03-01T08:22:02","date_gmt":"2017-03-01T08:22:02","guid":{"rendered":"http:\/\/baker.edge-themes.com\/?page_id=7016"},"modified":"2024-12-23T04:57:55","modified_gmt":"2024-12-23T04:57:55","slug":"blog-post","status":"publish","type":"page","link":"https:\/\/abcbakery.co\/?page_id=7016","title":{"rendered":"Tin t\u1ee9c"},"content":{"rendered":"<div class=\"wpb-content-wrapper\"><p>[vc_row row_content_width=&#8221;grid&#8221; css=&#8221;.vc_custom_1489567004315{padding-top: 100px !important;padding-bottom: 65px !important;}&#8221;][vc_column]<div class=\"edgtf-blog-list-holder edgtf-bl-standard edgtf-bl-four-columns edgtf-bl-normal-space edgtf-bl-pag-no-pagination\"  data-type=standard data-number-of-posts=8 data-number-of-columns=4 data-space-between-columns=normal data-category=sweet data-order-by=title data-order=ASC data-image-size=square data-title-tag=h6 data-excerpt-length=0 data-post-info-section=yes data-post-info-image=yes data-post-info-author=no data-post-info-date=no data-post-info-category=yes data-post-info-comments=no data-post-info-like=no data-post-info-share=no data-pagination-type=no-pagination data-max-num-pages=2 data-next-page=2>\n\t<div class=\"edgtf-bl-wrapper\">\n\t\t<ul class=\"edgtf-blog-list\">\n\t\t\t<li class=\"edgtf-bl-item clearfix\">\n\t<div class=\"edgtf-bli-inner\">\n        \n\t<div class=\"edgtf-post-image\">\n        \t\t    <a itemprop=\"url\" href=\"https:\/\/abcbakery.co\/?p=11012\" title=\"ABC Bakery chung s\u1ee9c c\u00f9ng \u0111\u1ed3ng b\u00e0o mi\u1ec1n b\u1eafc  v\u01b0\u1ee3t qua b\u00e3o, l\u0169\">\n                            <img decoding=\"async\" itemprop=\"image\" class=\"edgtf-custom-post-image\" src=\"https:\/\/abcbakery.co\/wp-content\/uploads\/2017\/03\/459192142_397292330069209_1609832005681518975_n.jpg\" alt=\"Blog list featured image\" \/>\n                \t\t    <\/a>\n        \t<\/div>\n\n\t\t\n        <div class=\"edgtf-bli-content\">\n            \n<h6 itemprop=\"name\" class=\"entry-title edgtf-post-title\">\n            <a itemprop=\"url\" href=\"https:\/\/abcbakery.co\/?p=11012\" title=\"ABC Bakery chung s\u1ee9c c\u00f9ng \u0111\u1ed3ng b\u00e0o mi\u1ec1n b\u1eafc  v\u01b0\u1ee3t qua b\u00e3o, l\u0169\">\n            ABC Bakery chung s\u1ee9c c\u00f9ng \u0111\u1ed3ng b\u00e0o mi\u1ec1n b\u1eafc  v\u01b0\u1ee3t qua b\u00e3o, l\u0169            <\/a>\n    <\/h6>\n                            <div class=\"edgtf-bli-info\">\n\t                <div class=\"edgtf-post-info-category\">\n    <a href=\"https:\/\/abcbakery.co\/?cat=23\" rel=\"category\">ABC Bakery<\/a><\/div>                <\/div>\n                        <div class=\"edgtf-bli-excerpt\">\n                                \t<div class=\"edgtf-post-read-more-button\">\n\t\t<a itemprop=\"url\" href=\"https:\/\/abcbakery.co\/?p=11012\" target=\"_self\"  class=\"edgtf-btn edgtf-btn-medium edgtf-btn-simple edgtf-blog-list-button\"  >    <span class=\"edgtf-btn-text\">Read more<\/span>    <\/a>\t<\/div>\n            <\/div>\n\t                <\/div>\n\t<\/div>\n<\/li><li class=\"edgtf-bl-item clearfix\">\n\t<div class=\"edgtf-bli-inner\">\n        \n\t<div class=\"edgtf-post-image\">\n        \t\t    <a itemprop=\"url\" href=\"https:\/\/abcbakery.co\/?p=12711\" title=\"ABC \u0110\u1ea0T DANH HI\u1ec6U H\u00c0NG VI\u1ec6T NAM CH\u1ea4T L\u01af\u1ee2NG CAO N\u0102M 2025\">\n                            <img decoding=\"async\" itemprop=\"image\" class=\"edgtf-custom-post-image\" src=\"https:\/\/abcbakery.co\/wp-content\/uploads\/2025\/03\/486841552_537169359414838_3525698258852428244_n.jpg\" alt=\"Blog list featured image\" \/>\n                \t\t    <\/a>\n        \t<\/div>\n\n\t\t\n        <div class=\"edgtf-bli-content\">\n            \n<h6 itemprop=\"name\" class=\"entry-title edgtf-post-title\">\n            <a itemprop=\"url\" href=\"https:\/\/abcbakery.co\/?p=12711\" title=\"ABC \u0110\u1ea0T DANH HI\u1ec6U H\u00c0NG VI\u1ec6T NAM CH\u1ea4T L\u01af\u1ee2NG CAO N\u0102M 2025\">\n            ABC \u0110\u1ea0T DANH HI\u1ec6U H\u00c0NG VI\u1ec6T NAM CH\u1ea4T L\u01af\u1ee2NG CAO N\u0102M 2025            <\/a>\n    <\/h6>\n                            <div class=\"edgtf-bli-info\">\n\t                <div class=\"edgtf-post-info-category\">\n    <a href=\"https:\/\/abcbakery.co\/?cat=23\" rel=\"category\">ABC Bakery<\/a><\/div>                <\/div>\n                        <div class=\"edgtf-bli-excerpt\">\n                                \t<div class=\"edgtf-post-read-more-button\">\n\t\t<a itemprop=\"url\" href=\"https:\/\/abcbakery.co\/?p=12711\" target=\"_self\"  class=\"edgtf-btn edgtf-btn-medium edgtf-btn-simple edgtf-blog-list-button\"  >    <span class=\"edgtf-btn-text\">Read more<\/span>    <\/a>\t<\/div>\n            <\/div>\n\t                <\/div>\n\t<\/div>\n<\/li><li class=\"edgtf-bl-item clearfix\">\n\t<div class=\"edgtf-bli-inner\">\n        \n\t<div class=\"edgtf-post-image\">\n        \t\t    <a itemprop=\"url\" href=\"https:\/\/abcbakery.co\/?p=11014\" title=\"H\u1ecdp b\u00e1o cu\u1ed9c thi The Vietnam Bakery Cup 2024\">\n                            <img decoding=\"async\" itemprop=\"image\" class=\"edgtf-custom-post-image\" src=\"https:\/\/abcbakery.co\/wp-content\/uploads\/2017\/03\/462675338_417599231371852_1760139958638438563_n-1.jpg\" alt=\"Blog list featured image\" \/>\n                \t\t    <\/a>\n        \t<\/div>\n\n\t\t\n        <div class=\"edgtf-bli-content\">\n            \n<h6 itemprop=\"name\" class=\"entry-title edgtf-post-title\">\n            <a itemprop=\"url\" href=\"https:\/\/abcbakery.co\/?p=11014\" title=\"H\u1ecdp b\u00e1o cu\u1ed9c thi The Vietnam Bakery Cup 2024\">\n            H\u1ecdp b\u00e1o cu\u1ed9c thi The Vietnam Bakery Cup 2024            <\/a>\n    <\/h6>\n                            <div class=\"edgtf-bli-info\">\n\t                <div class=\"edgtf-post-info-category\">\n    <a href=\"https:\/\/abcbakery.co\/?cat=23\" rel=\"category\">ABC Bakery<\/a><\/div>                <\/div>\n                        <div class=\"edgtf-bli-excerpt\">\n                                \t<div class=\"edgtf-post-read-more-button\">\n\t\t<a itemprop=\"url\" href=\"https:\/\/abcbakery.co\/?p=11014\" target=\"_self\"  class=\"edgtf-btn edgtf-btn-medium edgtf-btn-simple edgtf-blog-list-button\"  >    <span class=\"edgtf-btn-text\">Read more<\/span>    <\/a>\t<\/div>\n            <\/div>\n\t                <\/div>\n\t<\/div>\n<\/li><li class=\"edgtf-bl-item clearfix\">\n\t<div class=\"edgtf-bli-inner\">\n        \n\t<div class=\"edgtf-post-image\">\n        \t\t    <a itemprop=\"url\" href=\"https:\/\/abcbakery.co\/?p=3665\" title=\"L\u1ec5 h\u1ed9i B\u00e1nh m\u00ec\">\n                            <img decoding=\"async\" itemprop=\"image\" class=\"edgtf-custom-post-image\" src=\"https:\/\/abcbakery.co\/wp-content\/uploads\/2016\/12\/444928682_327845613680548_5459345369194258341_n.jpg\" alt=\"Blog list featured image\" \/>\n                \t\t    <\/a>\n        \t<\/div>\n\n\t\t\n        <div class=\"edgtf-bli-content\">\n            \n<h6 itemprop=\"name\" class=\"entry-title edgtf-post-title\">\n            <a itemprop=\"url\" href=\"https:\/\/abcbakery.co\/?p=3665\" title=\"L\u1ec5 h\u1ed9i B\u00e1nh m\u00ec\">\n            L\u1ec5 h\u1ed9i B\u00e1nh m\u00ec            <\/a>\n    <\/h6>\n                            <div class=\"edgtf-bli-info\">\n\t                <div class=\"edgtf-post-info-category\">\n    <a href=\"https:\/\/abcbakery.co\/?cat=23\" rel=\"category\">ABC Bakery<\/a><\/div>                <\/div>\n                        <div class=\"edgtf-bli-excerpt\">\n                                \t<div class=\"edgtf-post-read-more-button\">\n\t\t<a itemprop=\"url\" href=\"https:\/\/abcbakery.co\/?p=3665\" target=\"_self\"  class=\"edgtf-btn edgtf-btn-medium edgtf-btn-simple edgtf-blog-list-button\"  >    <span class=\"edgtf-btn-text\">Read more<\/span>    <\/a>\t<\/div>\n            <\/div>\n\t                <\/div>\n\t<\/div>\n<\/li><li class=\"edgtf-bl-item clearfix\">\n\t<div class=\"edgtf-bli-inner\">\n        \n\t<div class=\"edgtf-post-image\">\n        \t\t    <a itemprop=\"url\" href=\"https:\/\/abcbakery.co\/?p=3666\" title=\"L\u1ec5 trao t\u1eb7ng H\u1ecdc b\u1ed5ng Khuy\u1ebfn h\u1ecdc Kao Si\u00eau L\u1ef1c\">\n                            <img decoding=\"async\" itemprop=\"image\" class=\"edgtf-custom-post-image\" src=\"https:\/\/abcbakery.co\/wp-content\/uploads\/2016\/01\/454852251_375758325555943_7272527464938918690_n.jpg\" alt=\"Blog list featured image\" \/>\n                \t\t    <\/a>\n        \t<\/div>\n\n\t\t\n        <div class=\"edgtf-bli-content\">\n            \n<h6 itemprop=\"name\" class=\"entry-title edgtf-post-title\">\n            <a itemprop=\"url\" href=\"https:\/\/abcbakery.co\/?p=3666\" title=\"L\u1ec5 trao t\u1eb7ng H\u1ecdc b\u1ed5ng Khuy\u1ebfn h\u1ecdc Kao Si\u00eau L\u1ef1c\">\n            L\u1ec5 trao t\u1eb7ng H\u1ecdc b\u1ed5ng Khuy\u1ebfn h\u1ecdc Kao Si\u00eau L\u1ef1c            <\/a>\n    <\/h6>\n                            <div class=\"edgtf-bli-info\">\n\t                <div class=\"edgtf-post-info-category\">\n    <a href=\"https:\/\/abcbakery.co\/?cat=23\" rel=\"category\">ABC Bakery<\/a><\/div>                <\/div>\n                        <div class=\"edgtf-bli-excerpt\">\n                                \t<div class=\"edgtf-post-read-more-button\">\n\t\t<a itemprop=\"url\" href=\"https:\/\/abcbakery.co\/?p=3666\" target=\"_self\"  class=\"edgtf-btn edgtf-btn-medium edgtf-btn-simple edgtf-blog-list-button\"  >    <span class=\"edgtf-btn-text\">Read more<\/span>    <\/a>\t<\/div>\n            <\/div>\n\t                <\/div>\n\t<\/div>\n<\/li><li class=\"edgtf-bl-item clearfix\">\n\t<div class=\"edgtf-bli-inner\">\n        \n\t<div class=\"edgtf-post-image\">\n        \t\t    <a itemprop=\"url\" href=\"https:\/\/abcbakery.co\/?p=3664\" title=\"Ra m\u1eaft s\u00e1ch &#8221; Doanh nh\u00e2n Kao Si\u00eau L\u1ef1c T\u1eeb m\u1ed9t c\u00e2u chuy\u1ec7n kh\u00f3 kh\u0103n \u0111\u1ebfn ABC Bakery Th\u01b0\u01a1ng hi\u1ec7u Vi\u1ec7t v\u01b0\u01a1n ra th\u1ebf gi\u1edbi &#8220;\">\n                            <img decoding=\"async\" itemprop=\"image\" class=\"edgtf-custom-post-image\" src=\"https:\/\/abcbakery.co\/wp-content\/uploads\/2016\/12\/435691115_294313910367052_2120164658577416743_n-1.jpg\" alt=\"Blog list featured image\" \/>\n                \t\t    <\/a>\n        \t<\/div>\n\n\t\t\n        <div class=\"edgtf-bli-content\">\n            \n<h6 itemprop=\"name\" class=\"entry-title edgtf-post-title\">\n            <a itemprop=\"url\" href=\"https:\/\/abcbakery.co\/?p=3664\" title=\"Ra m\u1eaft s\u00e1ch &#8221; Doanh nh\u00e2n Kao Si\u00eau L\u1ef1c T\u1eeb m\u1ed9t c\u00e2u chuy\u1ec7n kh\u00f3 kh\u0103n \u0111\u1ebfn ABC Bakery Th\u01b0\u01a1ng hi\u1ec7u Vi\u1ec7t v\u01b0\u01a1n ra th\u1ebf gi\u1edbi &#8220;\">\n            Ra m\u1eaft s\u00e1ch &#8221; Doanh nh\u00e2n Kao Si\u00eau L\u1ef1c T\u1eeb m\u1ed9t c\u00e2u chuy\u1ec7n kh\u00f3 kh\u0103n \u0111\u1ebfn ABC Bakery Th\u01b0\u01a1ng hi\u1ec7u Vi\u1ec7t v\u01b0\u01a1n ra th\u1ebf gi\u1edbi &#8220;            <\/a>\n    <\/h6>\n                            <div class=\"edgtf-bli-info\">\n\t                <div class=\"edgtf-post-info-category\">\n    <a href=\"https:\/\/abcbakery.co\/?cat=23\" rel=\"category\">ABC Bakery<\/a><\/div>                <\/div>\n                        <div class=\"edgtf-bli-excerpt\">\n                                \t<div class=\"edgtf-post-read-more-button\">\n\t\t<a itemprop=\"url\" href=\"https:\/\/abcbakery.co\/?p=3664\" target=\"_self\"  class=\"edgtf-btn edgtf-btn-medium edgtf-btn-simple edgtf-blog-list-button\"  >    <span class=\"edgtf-btn-text\">Read more<\/span>    <\/a>\t<\/div>\n            <\/div>\n\t                <\/div>\n\t<\/div>\n<\/li><li class=\"edgtf-bl-item clearfix\">\n\t<div class=\"edgtf-bli-inner\">\n        \n\t<div class=\"edgtf-post-image\">\n        \t\t    <a itemprop=\"url\" href=\"https:\/\/abcbakery.co\/?p=11018\" title=\"Ti\u1ebfp \u0111\u00f3n Th\u1ee9 Tr\u01b0\u1edfng N\u00f4ng Nghi\u1ec7p Hoa K\u1ef3\">\n                            <img decoding=\"async\" itemprop=\"image\" class=\"edgtf-custom-post-image\" src=\"https:\/\/abcbakery.co\/wp-content\/uploads\/2017\/03\/460291768_400909393040836_7354688998732243210_n.jpg\" alt=\"Blog list featured image\" \/>\n                \t\t    <\/a>\n        \t<\/div>\n\n\t\t\n        <div class=\"edgtf-bli-content\">\n            \n<h6 itemprop=\"name\" class=\"entry-title edgtf-post-title\">\n            <a itemprop=\"url\" href=\"https:\/\/abcbakery.co\/?p=11018\" title=\"Ti\u1ebfp \u0111\u00f3n Th\u1ee9 Tr\u01b0\u1edfng N\u00f4ng Nghi\u1ec7p Hoa K\u1ef3\">\n            Ti\u1ebfp \u0111\u00f3n Th\u1ee9 Tr\u01b0\u1edfng N\u00f4ng Nghi\u1ec7p Hoa K\u1ef3            <\/a>\n    <\/h6>\n                            <div class=\"edgtf-bli-info\">\n\t                <div class=\"edgtf-post-info-category\">\n    <a href=\"https:\/\/abcbakery.co\/?cat=23\" rel=\"category\">ABC Bakery<\/a><\/div>                <\/div>\n                        <div class=\"edgtf-bli-excerpt\">\n                                \t<div class=\"edgtf-post-read-more-button\">\n\t\t<a itemprop=\"url\" href=\"https:\/\/abcbakery.co\/?p=11018\" target=\"_self\"  class=\"edgtf-btn edgtf-btn-medium edgtf-btn-simple edgtf-blog-list-button\"  >    <span class=\"edgtf-btn-text\">Read more<\/span>    <\/a>\t<\/div>\n            <\/div>\n\t                <\/div>\n\t<\/div>\n<\/li><li class=\"edgtf-bl-item clearfix\">\n\t<div class=\"edgtf-bli-inner\">\n        \n\t<div class=\"edgtf-post-image\">\n        \t\t    <a itemprop=\"url\" href=\"https:\/\/abcbakery.co\/?p=90\" title=\"Trao t\u1eb7ng g\u1ea7n 2000 th\u00f9ng b\u00e1nh \u0111\u1ebfn 26 trung t\u00e2m b\u1ea3o tr\u1ee3 x\u00e3 h\u1ed9i t\u1ea1i H\u00e0 N\u1ed9i\">\n                            <img decoding=\"async\" itemprop=\"image\" class=\"edgtf-custom-post-image\" src=\"https:\/\/abcbakery.co\/wp-content\/uploads\/2016\/12\/444503223_330109516787491_4504611533574621424_n.jpg\" alt=\"Blog list featured image\" \/>\n                \t\t    <\/a>\n        \t<\/div>\n\n\t\t\n        <div class=\"edgtf-bli-content\">\n            \n<h6 itemprop=\"name\" class=\"entry-title edgtf-post-title\">\n            <a itemprop=\"url\" href=\"https:\/\/abcbakery.co\/?p=90\" title=\"Trao t\u1eb7ng g\u1ea7n 2000 th\u00f9ng b\u00e1nh \u0111\u1ebfn 26 trung t\u00e2m b\u1ea3o tr\u1ee3 x\u00e3 h\u1ed9i t\u1ea1i H\u00e0 N\u1ed9i\">\n            Trao t\u1eb7ng g\u1ea7n 2000 th\u00f9ng b\u00e1nh \u0111\u1ebfn 26 trung t\u00e2m b\u1ea3o tr\u1ee3 x\u00e3 h\u1ed9i t\u1ea1i H\u00e0 N\u1ed9i            <\/a>\n    <\/h6>\n                            <div class=\"edgtf-bli-info\">\n\t                <div class=\"edgtf-post-info-category\">\n    <a href=\"https:\/\/abcbakery.co\/?cat=23\" rel=\"category\">ABC Bakery<\/a><\/div>                <\/div>\n                        <div class=\"edgtf-bli-excerpt\">\n                                \t<div class=\"edgtf-post-read-more-button\">\n\t\t<a itemprop=\"url\" href=\"https:\/\/abcbakery.co\/?p=90\" target=\"_self\"  class=\"edgtf-btn edgtf-btn-medium edgtf-btn-simple edgtf-blog-list-button\"  >    <span class=\"edgtf-btn-text\">Read more<\/span>    <\/a>\t<\/div>\n            <\/div>\n\t                <\/div>\n\t<\/div>\n<\/li>\t\t<\/ul>\n\t<\/div>\n\t<\/div>[\/vc_column][\/vc_row]<\/p>\n<\/div>","protected":false},"excerpt":{"rendered":"<p>[vc_row row_content_width=&#8221;grid&#8221; css=&#8221;.vc_custom_1489567004315{padding-top: 100px !important;padding-bottom: 65px !important;}&#8221;][vc_column][\/vc_column][\/vc_row]<\/p>\n","protected":false},"author":1,"featured_media":0,"parent":6821,"menu_order":0,"comment_status":"closed","ping_status":"closed","template":"full-width.php","meta":{"footnotes":""},"class_list":["post-7016","page","type-page","status-publish","hentry"],"_links":{"self":[{"href":"https:\/\/abcbakery.co\/index.php?rest_route=\/wp\/v2\/pages\/7016","targetHints":{"allow":["GET"]}}],"collection":[{"href":"https:\/\/abcbakery.co\/index.php?rest_route=\/wp\/v2\/pages"}],"about":[{"href":"https:\/\/abcbakery.co\/index.php?rest_route=\/wp\/v2\/types\/page"}],"author":[{"embeddable":true,"href":"https:\/\/abcbakery.co\/index.php?rest_route=\/wp\/v2\/users\/1"}],"replies":[{"embeddable":true,"href":"https:\/\/abcbakery.co\/index.php?rest_route=%2Fwp%2Fv2%2Fcomments&post=7016"}],"version-history":[{"count":20,"href":"https:\/\/abcbakery.co\/index.php?rest_route=\/wp\/v2\/pages\/7016\/revisions"}],"predecessor-version":[{"id":12685,"href":"https:\/\/abcbakery.co\/index.php?rest_route=\/wp\/v2\/pages\/7016\/revisions\/12685"}],"up":[{"embeddable":true,"href":"https:\/\/abcbakery.co\/index.php?rest_route=\/wp\/v2\/pages\/6821"}],"wp:attachment":[{"href":"https:\/\/abcbakery.co\/index.php?rest_route=%2Fwp%2Fv2%2Fmedia&parent=7016"}],"curies":[{"name":"wp","href":"https:\/\/api.w.org\/{rel}","templated":true}]}}