{"id":7443,"date":"2017-03-01T16:34:48","date_gmt":"2017-03-01T16:34:48","guid":{"rendered":"http:\/\/baker.edge-themes.com\/?page_id=7443"},"modified":"2017-03-01T16:34:48","modified_gmt":"2017-03-01T16:34:48","slug":"gallery-five-columns-wide","status":"publish","type":"page","link":"https:\/\/abcbakery.co\/?page_id=7443","title":{"rendered":"Gallery Five Columns Wide"},"content":{"rendered":"<div class=\"wpb-content-wrapper\"><p>[vc_row css=&#8221;.vc_custom_1490001943491{padding-right: 30px !important;padding-bottom: 85px !important;padding-left: 30px !important;}&#8221;][vc_column]<div class=\"edgtf-portfolio-list-holder edgtf-pl-gallery edgtf-pl-normal-space edgtf-pl-five-columns edgtf-pl-standard-shader edgtf-pl-pag-no-pagination\"  data-type=gallery data-number-of-columns=5 data-space-between-items=normal data-number-of-items=10 data-image-proportions=full data-enable-fixed-proportions=no data-order-by=date data-order=ASC data-item-style=standard-shader data-enable-title=yes data-title-tag=p data-enable-category=yes data-enable-excerpt=no data-excerpt-length=20 data-pagination-type=no-pagination data-filter=no data-filter-order-by=name data-enable-article-animation=no data-portfolio-slider-on=no data-enable-loop=yes data-enable-autoplay=yes data-slider-speed=5000 data-slider-speed-animation=600 data-enable-navigation=yes data-enable-pagination=yes data-max-num-pages=5 data-next-page=2>\n\t\t\n\t<div class=\"edgtf-pl-inner  clearfix\">\n\t\t<article class=\"edgtf-pl-item  post-143 portfolio-item type-portfolio-item status-publish has-post-thumbnail hentry\">\n\t<div class=\"edgtf-pl-item-inner\">\n\t\t<div class=\"edgtf-pli-image\">\n\t\t\t<img loading=\"lazy\" decoding=\"async\" width=\"2560\" height=\"1707\" src=\"https:\/\/abcbakery.co\/wp-content\/uploads\/2016\/12\/Banana-Nuts-Cake-scaled.jpg\" class=\"attachment-full size-full wp-post-image\" alt=\"\" srcset=\"https:\/\/abcbakery.co\/wp-content\/uploads\/2016\/12\/Banana-Nuts-Cake-scaled.jpg 2560w, https:\/\/abcbakery.co\/wp-content\/uploads\/2016\/12\/Banana-Nuts-Cake-300x200.jpg 300w, https:\/\/abcbakery.co\/wp-content\/uploads\/2016\/12\/Banana-Nuts-Cake-1024x683.jpg 1024w, https:\/\/abcbakery.co\/wp-content\/uploads\/2016\/12\/Banana-Nuts-Cake-768x512.jpg 768w, https:\/\/abcbakery.co\/wp-content\/uploads\/2016\/12\/Banana-Nuts-Cake-1536x1024.jpg 1536w, https:\/\/abcbakery.co\/wp-content\/uploads\/2016\/12\/Banana-Nuts-Cake-600x400.jpg 600w\" sizes=\"auto, (max-width: 2560px) 100vw, 2560px\" \/>\t<\/div>\n<div class=\"edgtf-pli-text-holder\">\n\t<div class=\"edgtf-pli-text-wrapper\">\n\t\t<div class=\"edgtf-pli-text\">\n\t\t\t\t<p itemprop=\"name\" class=\"edgtf-pli-title entry-title\" >\n\t\tBanana Nuts Cake\t<\/p>\n\t\t\t\n\t\t\t\t\t\t\n\t\t\t\t\t<\/div>\n\t<\/div>\n<\/div>\t\t\n\t\t<a itemprop=\"url\" class=\"edgtf-pli-link\" href=\"https:\/\/abcbakery.co\/?portfolio-item=baking-tools\" target=\"_self\"><\/a>\n\t<\/div>\n<\/article><article class=\"edgtf-pl-item  post-148 portfolio-item type-portfolio-item status-publish has-post-thumbnail hentry\">\n\t<div class=\"edgtf-pl-item-inner\">\n\t\t<div class=\"edgtf-pli-image\">\n\t\t\t<img loading=\"lazy\" decoding=\"async\" width=\"2560\" height=\"1707\" src=\"https:\/\/abcbakery.co\/wp-content\/uploads\/2016\/12\/Banh-bong-lan-chuoi-Lan-chuoi-mieng-CN-scaled.jpg\" class=\"attachment-full size-full wp-post-image\" alt=\"\" srcset=\"https:\/\/abcbakery.co\/wp-content\/uploads\/2016\/12\/Banh-bong-lan-chuoi-Lan-chuoi-mieng-CN-scaled.jpg 2560w, https:\/\/abcbakery.co\/wp-content\/uploads\/2016\/12\/Banh-bong-lan-chuoi-Lan-chuoi-mieng-CN-300x200.jpg 300w, https:\/\/abcbakery.co\/wp-content\/uploads\/2016\/12\/Banh-bong-lan-chuoi-Lan-chuoi-mieng-CN-1024x683.jpg 1024w, https:\/\/abcbakery.co\/wp-content\/uploads\/2016\/12\/Banh-bong-lan-chuoi-Lan-chuoi-mieng-CN-768x512.jpg 768w, https:\/\/abcbakery.co\/wp-content\/uploads\/2016\/12\/Banh-bong-lan-chuoi-Lan-chuoi-mieng-CN-1536x1024.jpg 1536w, https:\/\/abcbakery.co\/wp-content\/uploads\/2016\/12\/Banh-bong-lan-chuoi-Lan-chuoi-mieng-CN-600x400.jpg 600w\" sizes=\"auto, (max-width: 2560px) 100vw, 2560px\" \/>\t<\/div>\n<div class=\"edgtf-pli-text-holder\">\n\t<div class=\"edgtf-pli-text-wrapper\">\n\t\t<div class=\"edgtf-pli-text\">\n\t\t\t\t<p itemprop=\"name\" class=\"edgtf-pli-title entry-title\" >\n\t\tB\u00e1nh b\u00f4ng lan chu\u1ed1i\t<\/p>\n\t\t\t\n\t\t\t\t\t\t\n\t\t\t\t\t<\/div>\n\t<\/div>\n<\/div>\t\t\n\t\t<a itemprop=\"url\" class=\"edgtf-pli-link\" href=\"https:\/\/abcbakery.co\/?portfolio-item=stone-ground-flour\" target=\"_self\"><\/a>\n\t<\/div>\n<\/article><article class=\"edgtf-pl-item  post-153 portfolio-item type-portfolio-item status-publish has-post-thumbnail hentry\">\n\t<div class=\"edgtf-pl-item-inner\">\n\t\t<div class=\"edgtf-pli-image\">\n\t\t\t<img loading=\"lazy\" decoding=\"async\" width=\"2560\" height=\"1707\" src=\"https:\/\/abcbakery.co\/wp-content\/uploads\/2016\/12\/Banh-Chuoi-Nuong-scaled.jpg\" class=\"attachment-full size-full wp-post-image\" alt=\"\" srcset=\"https:\/\/abcbakery.co\/wp-content\/uploads\/2016\/12\/Banh-Chuoi-Nuong-scaled.jpg 2560w, https:\/\/abcbakery.co\/wp-content\/uploads\/2016\/12\/Banh-Chuoi-Nuong-300x200.jpg 300w, https:\/\/abcbakery.co\/wp-content\/uploads\/2016\/12\/Banh-Chuoi-Nuong-1024x683.jpg 1024w, https:\/\/abcbakery.co\/wp-content\/uploads\/2016\/12\/Banh-Chuoi-Nuong-768x512.jpg 768w, https:\/\/abcbakery.co\/wp-content\/uploads\/2016\/12\/Banh-Chuoi-Nuong-1536x1024.jpg 1536w, https:\/\/abcbakery.co\/wp-content\/uploads\/2016\/12\/Banh-Chuoi-Nuong-600x400.jpg 600w\" sizes=\"auto, (max-width: 2560px) 100vw, 2560px\" \/>\t<\/div>\n<div class=\"edgtf-pli-text-holder\">\n\t<div class=\"edgtf-pli-text-wrapper\">\n\t\t<div class=\"edgtf-pli-text\">\n\t\t\t\t<p itemprop=\"name\" class=\"edgtf-pli-title entry-title\" >\n\t\tB\u00e1nh chu\u1ed1i n\u01b0\u1edbng\t<\/p>\n\t\t\t\n\t\t\t\t\t\t\n\t\t\t\t\t<\/div>\n\t<\/div>\n<\/div>\t\t\n\t\t<a itemprop=\"url\" class=\"edgtf-pli-link\" href=\"https:\/\/abcbakery.co\/?portfolio-item=almond-coated-buns\" target=\"_self\"><\/a>\n\t<\/div>\n<\/article><article class=\"edgtf-pl-item  post-155 portfolio-item type-portfolio-item status-publish has-post-thumbnail hentry\">\n\t<div class=\"edgtf-pl-item-inner\">\n\t\t<div class=\"edgtf-pli-image\">\n\t\t\t<img loading=\"lazy\" decoding=\"async\" width=\"2560\" height=\"1707\" src=\"https:\/\/abcbakery.co\/wp-content\/uploads\/2016\/12\/Banh-mi-bo-Cua-Lon-scaled.jpg\" class=\"attachment-full size-full wp-post-image\" alt=\"\" srcset=\"https:\/\/abcbakery.co\/wp-content\/uploads\/2016\/12\/Banh-mi-bo-Cua-Lon-scaled.jpg 2560w, https:\/\/abcbakery.co\/wp-content\/uploads\/2016\/12\/Banh-mi-bo-Cua-Lon-300x200.jpg 300w, https:\/\/abcbakery.co\/wp-content\/uploads\/2016\/12\/Banh-mi-bo-Cua-Lon-1024x683.jpg 1024w, https:\/\/abcbakery.co\/wp-content\/uploads\/2016\/12\/Banh-mi-bo-Cua-Lon-768x512.jpg 768w, https:\/\/abcbakery.co\/wp-content\/uploads\/2016\/12\/Banh-mi-bo-Cua-Lon-1536x1024.jpg 1536w, https:\/\/abcbakery.co\/wp-content\/uploads\/2016\/12\/Banh-mi-bo-Cua-Lon-600x400.jpg 600w\" sizes=\"auto, (max-width: 2560px) 100vw, 2560px\" \/>\t<\/div>\n<div class=\"edgtf-pli-text-holder\">\n\t<div class=\"edgtf-pli-text-wrapper\">\n\t\t<div class=\"edgtf-pli-text\">\n\t\t\t\t<p itemprop=\"name\" class=\"edgtf-pli-title entry-title\" >\n\t\tB\u00e1nh m\u00ec b\u01a1 ( Cua l\u1edbn )\t<\/p>\n\t\t\t\n\t\t\t\t\t\t\n\t\t\t\t\t<\/div>\n\t<\/div>\n<\/div>\t\t\n\t\t<a itemprop=\"url\" class=\"edgtf-pli-link\" href=\"https:\/\/abcbakery.co\/?portfolio-item=art-of-baking\" target=\"_self\"><\/a>\n\t<\/div>\n<\/article><article class=\"edgtf-pl-item  post-157 portfolio-item type-portfolio-item status-publish has-post-thumbnail hentry\">\n\t<div class=\"edgtf-pl-item-inner\">\n\t\t<div class=\"edgtf-pli-image\">\n\t\t\t<img loading=\"lazy\" decoding=\"async\" width=\"2560\" height=\"1707\" src=\"https:\/\/abcbakery.co\/wp-content\/uploads\/2016\/12\/Banh-mi-cha-bong-cay-scaled.jpg\" class=\"attachment-full size-full wp-post-image\" alt=\"\" srcset=\"https:\/\/abcbakery.co\/wp-content\/uploads\/2016\/12\/Banh-mi-cha-bong-cay-scaled.jpg 2560w, https:\/\/abcbakery.co\/wp-content\/uploads\/2016\/12\/Banh-mi-cha-bong-cay-300x200.jpg 300w, https:\/\/abcbakery.co\/wp-content\/uploads\/2016\/12\/Banh-mi-cha-bong-cay-1024x683.jpg 1024w, https:\/\/abcbakery.co\/wp-content\/uploads\/2016\/12\/Banh-mi-cha-bong-cay-768x512.jpg 768w, https:\/\/abcbakery.co\/wp-content\/uploads\/2016\/12\/Banh-mi-cha-bong-cay-1536x1024.jpg 1536w, https:\/\/abcbakery.co\/wp-content\/uploads\/2016\/12\/Banh-mi-cha-bong-cay-600x400.jpg 600w\" sizes=\"auto, (max-width: 2560px) 100vw, 2560px\" \/>\t<\/div>\n<div class=\"edgtf-pli-text-holder\">\n\t<div class=\"edgtf-pli-text-wrapper\">\n\t\t<div class=\"edgtf-pli-text\">\n\t\t\t\t<p itemprop=\"name\" class=\"edgtf-pli-title entry-title\" >\n\t\tB\u00e1nh m\u00ec ch\u00e0 b\u00f4ng c\u00e2y\t<\/p>\n\t\t\t\n\t\t\t\t\t\t\n\t\t\t\t\t<\/div>\n\t<\/div>\n<\/div>\t\t\n\t\t<a itemprop=\"url\" class=\"edgtf-pli-link\" href=\"https:\/\/abcbakery.co\/?portfolio-item=french-patisserie\" target=\"_self\"><\/a>\n\t<\/div>\n<\/article><article class=\"edgtf-pl-item  post-160 portfolio-item type-portfolio-item status-publish has-post-thumbnail hentry\">\n\t<div class=\"edgtf-pl-item-inner\">\n\t\t<div class=\"edgtf-pli-image\">\n\t\t\t<img loading=\"lazy\" decoding=\"async\" width=\"2560\" height=\"1707\" src=\"https:\/\/abcbakery.co\/wp-content\/uploads\/2016\/12\/Banh-mi-Hotdog-scaled.jpg\" class=\"attachment-full size-full wp-post-image\" alt=\"\" srcset=\"https:\/\/abcbakery.co\/wp-content\/uploads\/2016\/12\/Banh-mi-Hotdog-scaled.jpg 2560w, https:\/\/abcbakery.co\/wp-content\/uploads\/2016\/12\/Banh-mi-Hotdog-300x200.jpg 300w, https:\/\/abcbakery.co\/wp-content\/uploads\/2016\/12\/Banh-mi-Hotdog-1024x683.jpg 1024w, https:\/\/abcbakery.co\/wp-content\/uploads\/2016\/12\/Banh-mi-Hotdog-768x512.jpg 768w, https:\/\/abcbakery.co\/wp-content\/uploads\/2016\/12\/Banh-mi-Hotdog-1536x1024.jpg 1536w, https:\/\/abcbakery.co\/wp-content\/uploads\/2016\/12\/Banh-mi-Hotdog-600x400.jpg 600w\" sizes=\"auto, (max-width: 2560px) 100vw, 2560px\" \/>\t<\/div>\n<div class=\"edgtf-pli-text-holder\">\n\t<div class=\"edgtf-pli-text-wrapper\">\n\t\t<div class=\"edgtf-pli-text\">\n\t\t\t\t<p itemprop=\"name\" class=\"edgtf-pli-title entry-title\" >\n\t\tB\u00e1nh m\u00ec hotdog\t<\/p>\n\t\t\t\n\t\t\t\t\t\t\n\t\t\t\t\t<\/div>\n\t<\/div>\n<\/div>\t\t\n\t\t<a itemprop=\"url\" class=\"edgtf-pli-link\" href=\"https:\/\/abcbakery.co\/?portfolio-item=top-bread-recipes\" target=\"_self\"><\/a>\n\t<\/div>\n<\/article><article class=\"edgtf-pl-item  post-161 portfolio-item type-portfolio-item status-publish has-post-thumbnail hentry\">\n\t<div class=\"edgtf-pl-item-inner\">\n\t\t<div class=\"edgtf-pli-image\">\n\t\t\t<img loading=\"lazy\" decoding=\"async\" width=\"2560\" height=\"1707\" src=\"https:\/\/abcbakery.co\/wp-content\/uploads\/2016\/12\/Bong-Lan-Mayonnaise-scaled.jpg\" class=\"attachment-full size-full wp-post-image\" alt=\"\" srcset=\"https:\/\/abcbakery.co\/wp-content\/uploads\/2016\/12\/Bong-Lan-Mayonnaise-scaled.jpg 2560w, https:\/\/abcbakery.co\/wp-content\/uploads\/2016\/12\/Bong-Lan-Mayonnaise-300x200.jpg 300w, https:\/\/abcbakery.co\/wp-content\/uploads\/2016\/12\/Bong-Lan-Mayonnaise-1024x683.jpg 1024w, https:\/\/abcbakery.co\/wp-content\/uploads\/2016\/12\/Bong-Lan-Mayonnaise-768x512.jpg 768w, https:\/\/abcbakery.co\/wp-content\/uploads\/2016\/12\/Bong-Lan-Mayonnaise-1536x1024.jpg 1536w, https:\/\/abcbakery.co\/wp-content\/uploads\/2016\/12\/Bong-Lan-Mayonnaise-600x400.jpg 600w\" sizes=\"auto, (max-width: 2560px) 100vw, 2560px\" \/>\t<\/div>\n<div class=\"edgtf-pli-text-holder\">\n\t<div class=\"edgtf-pli-text-wrapper\">\n\t\t<div class=\"edgtf-pli-text\">\n\t\t\t\t<p itemprop=\"name\" class=\"edgtf-pli-title entry-title\" >\n\t\tB\u00f4ng Lan Mayonnaise\t<\/p>\n\t\t\t\n\t\t\t\t\t\t\n\t\t\t\t\t<\/div>\n\t<\/div>\n<\/div>\t\t\n\t\t<a itemprop=\"url\" class=\"edgtf-pli-link\" href=\"https:\/\/abcbakery.co\/?portfolio-item=toasted-almonds\" target=\"_self\"><\/a>\n\t<\/div>\n<\/article><article class=\"edgtf-pl-item  post-162 portfolio-item type-portfolio-item status-publish has-post-thumbnail hentry\">\n\t<div class=\"edgtf-pl-item-inner\">\n\t\t<div class=\"edgtf-pli-image\">\n\t\t\t<img loading=\"lazy\" decoding=\"async\" width=\"2560\" height=\"1707\" src=\"https:\/\/abcbakery.co\/wp-content\/uploads\/2016\/12\/Bong-Lan-Trung-Muoi-scaled.jpg\" class=\"attachment-full size-full wp-post-image\" alt=\"\" srcset=\"https:\/\/abcbakery.co\/wp-content\/uploads\/2016\/12\/Bong-Lan-Trung-Muoi-scaled.jpg 2560w, https:\/\/abcbakery.co\/wp-content\/uploads\/2016\/12\/Bong-Lan-Trung-Muoi-300x200.jpg 300w, https:\/\/abcbakery.co\/wp-content\/uploads\/2016\/12\/Bong-Lan-Trung-Muoi-1024x683.jpg 1024w, https:\/\/abcbakery.co\/wp-content\/uploads\/2016\/12\/Bong-Lan-Trung-Muoi-768x512.jpg 768w, https:\/\/abcbakery.co\/wp-content\/uploads\/2016\/12\/Bong-Lan-Trung-Muoi-1536x1024.jpg 1536w, https:\/\/abcbakery.co\/wp-content\/uploads\/2016\/12\/Bong-Lan-Trung-Muoi-600x400.jpg 600w\" sizes=\"auto, (max-width: 2560px) 100vw, 2560px\" \/>\t<\/div>\n<div class=\"edgtf-pli-text-holder\">\n\t<div class=\"edgtf-pli-text-wrapper\">\n\t\t<div class=\"edgtf-pli-text\">\n\t\t\t\t<p itemprop=\"name\" class=\"edgtf-pli-title entry-title\" >\n\t\tB\u00f4ng lan tr\u1ee9ng mu\u1ed1i\t<\/p>\n\t\t\t\n\t\t\t\t\t\t\n\t\t\t\t\t<\/div>\n\t<\/div>\n<\/div>\t\t\n\t\t<a itemprop=\"url\" class=\"edgtf-pli-link\" href=\"https:\/\/abcbakery.co\/?portfolio-item=coffee-cakes\" target=\"_self\"><\/a>\n\t<\/div>\n<\/article><article class=\"edgtf-pl-item  post-164 portfolio-item type-portfolio-item status-publish has-post-thumbnail hentry\">\n\t<div class=\"edgtf-pl-item-inner\">\n\t\t<div class=\"edgtf-pli-image\">\n\t\t\t<img loading=\"lazy\" decoding=\"async\" width=\"2560\" height=\"1707\" src=\"https:\/\/abcbakery.co\/wp-content\/uploads\/2016\/12\/Cha-bong-cay-mini-scaled.jpg\" class=\"attachment-full size-full wp-post-image\" alt=\"\" srcset=\"https:\/\/abcbakery.co\/wp-content\/uploads\/2016\/12\/Cha-bong-cay-mini-scaled.jpg 2560w, https:\/\/abcbakery.co\/wp-content\/uploads\/2016\/12\/Cha-bong-cay-mini-300x200.jpg 300w, https:\/\/abcbakery.co\/wp-content\/uploads\/2016\/12\/Cha-bong-cay-mini-1024x683.jpg 1024w, https:\/\/abcbakery.co\/wp-content\/uploads\/2016\/12\/Cha-bong-cay-mini-768x512.jpg 768w, https:\/\/abcbakery.co\/wp-content\/uploads\/2016\/12\/Cha-bong-cay-mini-1536x1024.jpg 1536w, https:\/\/abcbakery.co\/wp-content\/uploads\/2016\/12\/Cha-bong-cay-mini-600x400.jpg 600w\" sizes=\"auto, (max-width: 2560px) 100vw, 2560px\" \/>\t<\/div>\n<div class=\"edgtf-pli-text-holder\">\n\t<div class=\"edgtf-pli-text-wrapper\">\n\t\t<div class=\"edgtf-pli-text\">\n\t\t\t\t<p itemprop=\"name\" class=\"edgtf-pli-title entry-title\" >\n\t\tCh\u00e0 b\u00f4ng c\u00e2y mini\t<\/p>\n\t\t\t\n\t\t\t\t\t\t\n\t\t\t\t\t<\/div>\n\t<\/div>\n<\/div>\t\t\n\t\t<a itemprop=\"url\" class=\"edgtf-pli-link\" href=\"https:\/\/abcbakery.co\/?portfolio-item=bread-variety\" target=\"_self\"><\/a>\n\t<\/div>\n<\/article><article class=\"edgtf-pl-item  post-171 portfolio-item type-portfolio-item status-publish has-post-thumbnail hentry\">\n\t<div class=\"edgtf-pl-item-inner\">\n\t\t<div class=\"edgtf-pli-image\">\n\t\t\t<img loading=\"lazy\" decoding=\"async\" width=\"2560\" height=\"1707\" src=\"https:\/\/abcbakery.co\/wp-content\/uploads\/2016\/12\/Cha-bong-cay-scaled.jpg\" class=\"attachment-full size-full wp-post-image\" alt=\"\" srcset=\"https:\/\/abcbakery.co\/wp-content\/uploads\/2016\/12\/Cha-bong-cay-scaled.jpg 2560w, https:\/\/abcbakery.co\/wp-content\/uploads\/2016\/12\/Cha-bong-cay-300x200.jpg 300w, https:\/\/abcbakery.co\/wp-content\/uploads\/2016\/12\/Cha-bong-cay-1024x683.jpg 1024w, https:\/\/abcbakery.co\/wp-content\/uploads\/2016\/12\/Cha-bong-cay-768x512.jpg 768w, https:\/\/abcbakery.co\/wp-content\/uploads\/2016\/12\/Cha-bong-cay-1536x1024.jpg 1536w, https:\/\/abcbakery.co\/wp-content\/uploads\/2016\/12\/Cha-bong-cay-600x400.jpg 600w\" sizes=\"auto, (max-width: 2560px) 100vw, 2560px\" \/>\t<\/div>\n<div class=\"edgtf-pli-text-holder\">\n\t<div class=\"edgtf-pli-text-wrapper\">\n\t\t<div class=\"edgtf-pli-text\">\n\t\t\t\t<p itemprop=\"name\" class=\"edgtf-pli-title entry-title\" >\n\t\tCh\u00e0 b\u00f4ng c\u00e2y\t<\/p>\n\t\t\t\n\t\t\t\t\t\t\n\t\t\t\t\t<\/div>\n\t<\/div>\n<\/div>\t\t\n\t\t<a itemprop=\"url\" class=\"edgtf-pli-link\" href=\"https:\/\/abcbakery.co\/?portfolio-item=perfect-muffins\" target=\"_self\"><\/a>\n\t<\/div>\n<\/article>\t<\/div>\n\t\n\t<\/div>[\/vc_column][\/vc_row]<\/p>\n<\/div>","protected":false},"excerpt":{"rendered":"<p>[vc_row css=&#8221;.vc_custom_1490001943491{padding-right: 30px !important;padding-bottom: 85px !important;padding-left: 30px !important;}&#8221;][vc_column][\/vc_column][\/vc_row]<\/p>\n","protected":false},"author":1,"featured_media":0,"parent":7398,"menu_order":0,"comment_status":"closed","ping_status":"closed","template":"full-width.php","meta":{"footnotes":""},"class_list":["post-7443","page","type-page","status-publish","hentry"],"_links":{"self":[{"href":"https:\/\/abcbakery.co\/index.php?rest_route=\/wp\/v2\/pages\/7443","targetHints":{"allow":["GET"]}}],"collection":[{"href":"https:\/\/abcbakery.co\/index.php?rest_route=\/wp\/v2\/pages"}],"about":[{"href":"https:\/\/abcbakery.co\/index.php?rest_route=\/wp\/v2\/types\/page"}],"author":[{"embeddable":true,"href":"https:\/\/abcbakery.co\/index.php?rest_route=\/wp\/v2\/users\/1"}],"replies":[{"embeddable":true,"href":"https:\/\/abcbakery.co\/index.php?rest_route=%2Fwp%2Fv2%2Fcomments&post=7443"}],"version-history":[{"count":0,"href":"https:\/\/abcbakery.co\/index.php?rest_route=\/wp\/v2\/pages\/7443\/revisions"}],"up":[{"embeddable":true,"href":"https:\/\/abcbakery.co\/index.php?rest_route=\/wp\/v2\/pages\/7398"}],"wp:attachment":[{"href":"https:\/\/abcbakery.co\/index.php?rest_route=%2Fwp%2Fv2%2Fmedia&parent=7443"}],"curies":[{"name":"wp","href":"https:\/\/api.w.org\/{rel}","templated":true}]}}