{"id":8580,"date":"2017-03-07T13:53:11","date_gmt":"2017-03-07T13:53:11","guid":{"rendered":"http:\/\/baker.edge-themes.com\/?page_id=8580"},"modified":"2024-12-27T03:40:51","modified_gmt":"2024-12-27T03:40:51","slug":"about-me","status":"publish","type":"page","link":"https:\/\/abcbakery.co\/?page_id=8580","title":{"rendered":"\u201cV\u1ec1 ABC Bakery\u201d"},"content":{"rendered":"<div class=\"wpb-content-wrapper\"><p>[vc_row css=&#8221;.vc_custom_1488536699571{padding-top: 70px !important;padding-bottom: 6px !important;}&#8221;][vc_column][vc_row_inner row_content_width=&#8221;grid&#8221;][vc_column_inner offset=&#8221;vc_col-lg-6 vc_col-md-12&#8243;]<div class=\"edgtf-elements-holder edgtf-one-column edgtf-responsive-mode-768\" ><div class=\"edgtf-eh-item \"  data-item-class=\"edgtf-eh-custom-527745\" data-1024-1280=\"34px 8% 50px 0%\" data-768-1024=\"0 25% 74px 0%\" data-600-768=\"0 12% 74px 0%\" data-480-600=\"1px 0% 72px 0%\" data-480=\"1px 0% 72px 0%\">\n\t<div class=\"edgtf-eh-item-inner\">\n\t\t<div class=\"edgtf-eh-item-content edgtf-eh-custom-527745\" style=\"padding: 34px 10% 50px 0%\">\n\t\t\t<div class=\"edgtf-section-title-holder\" style=\"text-align: left\">\n\t\t\t\t\t<h2 class=\"edgtf-st-title\" style=\"color: #303030;font-weight: 600;letter-spacing: 3px\">\n\t\t\t<span>S\u1ee9 m\u1ec7nh<\/span>\n\t\t<\/h2>\n\t\t\t\t<p class=\"edgtf-st-text\" style=\"font-size: 16px;line-height: 30px;font-weight: 300;margin-top: 22px\">ABC Bakery cam k\u1ebft mang \u0111\u1ebfn s\u1ef1 h\u00e0i l\u00f2ng cao nh\u1ea5t cho ng\u01b0\u1eddi ti\u00eau d\u00f9ng th\u00f4ng qua nh\u1eefng s\u1ea3n ph\u1ea9m ch\u1ea5t l\u01b0\u1ee3ng v\u01b0\u1ee3t tr\u1ed9i, m\u1eabu m\u00e3 \u0111\u1eb9p v\u00e0 \u0111\u1ea3m b\u1ea3o an to\u00e0n v\u1ec7 sinh th\u1ef1c ph\u1ea9m. Ch\u00fang t\u00f4i kh\u00f4ng ng\u1eebng n\u1ed7 l\u1ef1c x\u00e2y d\u1ef1ng m\u00f4i tr\u01b0\u1eddng l\u00e0m vi\u1ec7c chuy\u00ean nghi\u1ec7p, th\u00e2n thi\u1ec7n v\u00e0 an to\u00e0n, \u0111\u1ed3ng th\u1eddi t\u1ea1o gi\u00e1 tr\u1ecb b\u1ec1n v\u1eefng cho c\u00e1c \u0111\u1ed1i t\u00e1c v\u00e0 c\u1ed9ng \u0111\u1ed3ng th\u00f4ng qua c\u00e1c ho\u1ea1t \u0111\u1ed9ng thi\u1ebft th\u1ef1c v\u00ec l\u1ee3i \u00edch chung.<\/p>\n\t<\/div>[vc_empty_space height=&#8221;19px&#8221;][vc_empty_space height=&#8221;19px&#8221;][vc_empty_space height=&#8221;31px&#8221;]\t\t<\/div>\n\t<\/div>\n<\/div><\/div>[\/vc_column_inner][vc_column_inner offset=&#8221;vc_col-lg-6 vc_col-md-12 vc_col-xs-12&#8243;]<div class=\"edgtf-elements-holder edgtf-one-column edgtf-responsive-mode-768\" ><div class=\"edgtf-eh-item edgtf-horizontal-alignment-center\"  data-item-class=\"edgtf-eh-custom-578547\" data-768-1024=\"51px 0 74px 0\" data-480-600=\"51px 0 75px 0\" data-480=\"51px 0 75px 0\">\n\t<div class=\"edgtf-eh-item-inner\">\n\t\t<div class=\"edgtf-eh-item-content edgtf-eh-custom-578547\" style=\"padding: 44px 0 25px 0\">\n\t\t\t[vc_single_image image=&#8221;12123&#8243; img_size=&#8221;full&#8221; onclick=&#8221;custom_link&#8221; css=&#8221;&#8221; link=&#8221;#&#8221;]\t\t<\/div>\n\t<\/div>\n<\/div><\/div>[\/vc_column_inner][\/vc_row_inner][\/vc_column][\/vc_row][vc_row row_content_width=&#8221;grid&#8221; css=&#8221;.vc_custom_1490865294918{padding-bottom: 42px !important;}&#8221;][vc_column width=&#8221;1\/2&#8243; offset=&#8221;vc_col-lg-3 vc_col-md-3&#8243;][vc_single_image image=&#8221;12118&#8243; img_size=&#8221;full&#8221; css=&#8221;&#8221;][vc_empty_space height=&#8221;50px&#8221;][vc_column_text css=&#8221;&#8221;]<\/p>\r\n<div>\r\n<p>ABC Bakery lu\u00f4n mang \u0111\u1ebfn s\u1ef1 h\u00e0i l\u00f2ng t\u1ed1t nh\u1ea5t v\u1edbi nh\u1eefng s\u1ea3n ph\u1ea9m ch\u1ea5t l\u01b0\u1ee3ng cao, m\u1eabu m\u00e3 \u0111\u1eb9p, \u0111\u1ea3m b\u1ea3o an to\u00e0n v\u1ec7 sinh th\u1ef1c ph\u1ea9m nh\u1eb1m b\u1ea3o v\u1ec7 cho s\u1ee9c kh\u1ecfe c\u1ee7a ng\u01b0\u1eddi ti\u00eau d\u00f9ng.<\/p>\r\n<\/div>\r\n<p>[\/vc_column_text][\/vc_column][vc_column width=&#8221;1\/2&#8243; offset=&#8221;vc_col-lg-3 vc_col-md-3&#8243;][vc_single_image image=&#8221;12119&#8243; img_size=&#8221;full&#8221; css=&#8221;&#8221;][vc_empty_space height=&#8221;50px&#8221;][vc_column_text css=&#8221;&#8221;]<\/p>\r\n<div>\r\n<p>ABC Bakery \u0111\u1ea3m b\u1ea3o mang l\u1ea1i l\u1ee3i nhu\u1eadn l\u00e2u d\u00e0i cho c\u00e1c nh\u00e0 cung c\u1ea5p th\u00f4ng qua s\u1ef1 h\u1ee3p t\u00e1c b\u1ec1n v\u1eefng ch\u00fa tr\u1ecdng l\u1ee3i \u00edch v\u00e0 m\u1ee5c ti\u00eau c\u1ee7a hai b\u00ean.<\/p>\r\n<\/div>\r\n<p>[\/vc_column_text][\/vc_column][vc_column width=&#8221;1\/2&#8243; offset=&#8221;vc_col-lg-3 vc_col-md-3&#8243;][vc_single_image image=&#8221;12122&#8243; img_size=&#8221;full&#8221; css=&#8221;&#8221;][vc_empty_space height=&#8221;50px&#8221;][vc_column_text css=&#8221;&#8221;]<\/p>\r\n<div>\r\n<p>ABC Bakery lu\u00f4n n\u1ed7 l\u1ef1c ph\u1ea5n \u0111\u1ea5u nh\u1eb1m t\u1ea1o m\u1ed9t m\u00f4i tr\u01b0\u1eddng l\u00e0m vi\u1ec7c th\u00e2n thi\u1ec7n, an to\u00e0n v\u00e0 chuy\u00ean nghi\u1ec7p c\u0169ng nh\u01b0 \u0111\u1ea3m b\u1ea3o thu nh\u1eadp v\u00e0 l\u1ee3i \u00edch cho cu\u1ed9c s\u1ed1ng c\u1ee7a nh\u00e2n vi\u00ean ng\u00e0y c\u00e0ng t\u1ed1t h\u01a1n.<\/p>\r\n<\/div>\r\n<p>[\/vc_column_text][\/vc_column][vc_column width=&#8221;1\/2&#8243; offset=&#8221;vc_col-lg-3 vc_col-md-3&#8243;][vc_single_image image=&#8221;12117&#8243; img_size=&#8221;full&#8221; css=&#8221;&#8221;][vc_empty_space height=&#8221;50px&#8221;][vc_column_text css=&#8221;&#8221;]<\/p>\r\n<div>\r\n<p>\u0110\u1ed1i v\u1edbi ch\u00fang t\u00f4i, s\u1ef1 ph\u00e1t tri\u1ec3n c\u1ee7a doanh nghi\u1ec7p lu\u00f4n g\u1eafn v\u1edbi l\u1ee3i \u00edch c\u1ed9ng \u0111\u1ed3ng. Trong \u0111\u1ee3t covid 2021 v\u1eeba qua, ABC Bakery \u0111\u00e3 b\u1ea3o tr\u1ee3 20 tri\u1ec7u \u0111\u1ed3ng cho 10 b\u00e9 m\u1ed3 c\u00f4i v\u00ec covid h\u00e0ng th\u00e1ng v\u00e0 t\u00e0i tr\u1ee3 h\u01a1n 2 t\u1ef7 \u0111\u1ed3ng \u0111\u1ec3 h\u1ed7 tr\u1ee3 tuy\u1ebfn \u0111\u1ea7u ch\u1ed1ng d\u1ecbch.<\/p>\r\n<\/div>\r\n<p>[\/vc_column_text][\/vc_column][\/vc_row][vc_row row_content_width=&#8221;grid&#8221; css=&#8221;.vc_custom_1733803133536{padding-top: 16px !important;padding-right: 0px !important;padding-bottom: 60px !important;padding-left: 0px !important;}&#8221;][vc_column]<div class=\"edgtf-elements-holder edgtf-two-columns edgtf-responsive-mode-1024\" ><div class=\"edgtf-eh-item \"  data-item-class=\"edgtf-eh-custom-525820\" data-1280-1600=\"35px 12% 70px 0%\" data-1024-1280=\"44px 12% 70px 0%\" data-768-1024=\"33px 12% 131px 0%\" data-480-600=\"45px 0% 140px 0%\" data-480=\"45px 0% 140px 0%\">\n\t<div class=\"edgtf-eh-item-inner\">\n\t\t<div class=\"edgtf-eh-item-content edgtf-eh-custom-525820\" style=\"padding: 45px 12% 70px 0%\">\n\t\t\t<div class=\"edgtf-section-title-holder\" >\n\t\t\t\t\t<h2 class=\"edgtf-st-title\" style=\"color: #303030;font-weight: 600\">\n\t\t\t<span>Gi\u1ea3i th\u01b0\u1edfng ti\u00eau bi\u1ec3u<\/span>\n\t\t<\/h2>\n\t\t<\/div>\t\t<\/div>\n\t<\/div>\n<\/div><\/div>[\/vc_column][\/vc_row][vc_row row_content_width=&#8221;grid&#8221; css=&#8221;.vc_custom_1733803823256{padding-bottom: 73px !important;}&#8221;][vc_column][vc_column_text css=&#8221;&#8221;]<\/p>\r\n<figure class=\"wp-block-table\">\r\n<table class=\"has-fixed-layout\" style=\"width: 100%; border-collapse: collapse; text-align: left; font-family: Arial, sans-serif; font-size: 14px;\">\r\n<tbody>\r\n<tr style=\"background-color: #e1be64; font-weight: bold;\">\r\n<td style=\"width: 10%; padding: 10px; border: 1px solid #ccc; text-align: center;\">N\u0103m<\/td>\r\n<td style=\"width: 90%; padding: 10px; border: 1px solid #ccc; text-align: center;\">T\u00ean gi\u1ea3i th\u01b0\u1edfng<\/td>\r\n<\/tr>\r\n<tr>\r\n<td style=\"padding: 8px; border: 1px solid #ccc; text-align: center; vertical-align: middle;\">2010<\/td>\r\n<td style=\"padding: 8px; border: 1px solid #ccc; vertical-align: middle;\">ABC Bakery \u0111\u01b0\u1ee3c ch\u1ee9ng nh\u1eadn l\u00e0 s\u1ea3n ph\u1ea9m Vi\u1ec7t Nam t\u1ed1t nh\u1ea5t n\u0103m do ng\u01b0\u1eddi ti\u00eau d\u00f9ng b\u00ecnh ch\u1ecdn tr\u00ean b\u00e1o S\u00e0i G\u00f2n ti\u1ebfp th\u1ecb<\/td>\r\n<\/tr>\r\n<tr>\r\n<td style=\"padding: 8px; border: 1px solid #ccc; text-align: center; vertical-align: middle;\">2015<\/td>\r\n<td style=\"padding: 8px; border: 1px solid #ccc; vertical-align: middle;\">C\u1ee5c tr\u01b0\u1edfng c\u1ee5c V\u1ec7 sinh An to\u00e0n th\u1ef1c ph\u1ea9m v\u00e0 An to\u00e0n lao \u0111\u1ed9ng t\u1eb7ng gi\u1ea5y khen v\u00ec \u0111\u00e3 c\u00f3 th\u00e0nh t\u00edch xu\u1ea5t s\u1eafc trong c\u00f4ng t\u00e1c An to\u00e0n v\u1ec7 sinh lao \u0111\u1ed9ng<\/td>\r\n<\/tr>\r\n<tr>\r\n<td style=\"padding: 8px; border: 1px solid #ccc; text-align: center; vertical-align: middle;\">2016<\/td>\r\n<td style=\"padding: 8px; border: 1px solid #ccc; vertical-align: middle;\">Ch\u1ee7 t\u1ecbch UBND Th\u00e0nh ph\u1ed1 H\u1ed3 Ch\u00ed Minh trao ch\u1ee9ng nh\u1eadn \u0111\u1ea1t danh hi\u1ec7u Doanh nghi\u1ec7p TP.HCM ti\u00eau bi\u1ec3u<\/td>\r\n<\/tr>\r\n<tr>\r\n<td style=\"padding: 8px; border: 1px solid #ccc; text-align: center; vertical-align: middle;\" rowspan=\"2\">2017<\/td>\r\n<td style=\"padding: 8px; border: 1px solid #ccc; vertical-align: middle;\">H\u1ed9i Doanh nghi\u1ec7p H\u00e0ng Vi\u1ec7t Nam ch\u1ea5t l\u01b0\u1ee3ng cao trao ch\u1ee9ng nh\u1eadn \u0111\u1ea1t danh hi\u1ec7u H\u00e0ng Vi\u1ec7t Nam ch\u1ea5t l\u01b0\u1ee3ng cao do Ng\u01b0\u1eddi ti\u00eau d\u00f9ng b\u00ecnh ch\u1ecdn<\/td>\r\n<\/tr>\r\n<tr>\r\n<td style=\"padding: 8px; border: 1px solid #ccc; vertical-align: middle;\">Hi\u1ec7p h\u1ed9i doanh nghi\u1ec7p Th\u00e0nh ph\u1ed1 H\u1ed3 Ch\u00ed Minh ch\u1ee9ng nh\u1eadn S\u1ea3n ph\u1ea9m B\u00e1nh trung thu ABC l\u00e0 s\u1ea3n ph\u1ea9m ti\u00eau bi\u1ec3u<\/td>\r\n<\/tr>\r\n<tr>\r\n<td style=\"padding: 8px; border: 1px solid #ccc; text-align: center; vertical-align: middle;\" rowspan=\"3\">2018<\/td>\r\n<td style=\"padding: 8px; border: 1px solid #ccc; vertical-align: middle;\">H\u1ed9i Doanh nghi\u1ec7p H\u00e0ng Vi\u1ec7t Nam ch\u1ea5t l\u01b0\u1ee3ng cao trao ch\u1ee9ng nh\u1eadn \u0111\u1ea1t danh hi\u1ec7u H\u00e0ng Vi\u1ec7t Nam ch\u1ea5t l\u01b0\u1ee3ng cao do Ng\u01b0\u1eddi ti\u00eau d\u00f9ng b\u00ecnh ch\u1ecdn<\/td>\r\n<\/tr>\r\n<tr>\r\n<td style=\"padding: 8px; border: 1px solid #ccc; vertical-align: middle;\">Hi\u1ec7p h\u1ed9i doanh nghi\u1ec7p Th\u00e0nh ph\u1ed1 H\u1ed3 Ch\u00ed Minh ch\u1ee9ng nh\u1eadn S\u1ea3n ph\u1ea9m B\u00e1nh trung thu ABC l\u00e0 s\u1ea3n ph\u1ea9m ti\u00eau bi\u1ec3u<\/td>\r\n<\/tr>\r\n<tr>\r\n<td style=\"padding: 8px; border: 1px solid #ccc; vertical-align: middle;\">Ch\u1ee7 t\u1ecbch n\u01b0\u1edbc trao t\u1eb7ng Hu\u00e2n ch\u01b0\u01a1ng Lao \u0111\u1ed9ng H\u1ea1ng Ba<\/td>\r\n<\/tr>\r\n<tr>\r\n<td style=\"padding: 8px; border: 1px solid #ccc; text-align: center; vertical-align: middle;\" rowspan=\"2\">2019<\/td>\r\n<td style=\"padding: 8px; border: 1px solid #ccc; vertical-align: middle;\">H\u1ed9i Doanh nghi\u1ec7p H\u00e0ng Vi\u1ec7t Nam ch\u1ea5t l\u01b0\u1ee3ng cao trao ch\u1ee9ng nh\u1eadn \u0111\u1ea1t danh hi\u1ec7u H\u00e0ng Vi\u1ec7t Nam ch\u1ea5t l\u01b0\u1ee3ng cao do Ng\u01b0\u1eddi ti\u00eau d\u00f9ng b\u00ecnh ch\u1ecdn<\/td>\r\n<\/tr>\r\n<tr>\r\n<td style=\"padding: 8px; border: 1px solid #ccc; vertical-align: middle;\">Ch\u1ee7 t\u1ecbch n\u01b0\u1edbc trao t\u1eb7ng Hu\u00e2n ch\u01b0\u01a1ng Lao \u0111\u1ed9ng H\u1ea1ng Hai<\/td>\r\n<\/tr>\r\n<tr>\r\n<td style=\"padding: 8px; border: 1px solid #ccc; text-align: center; vertical-align: middle;\" rowspan=\"3\">2020<\/td>\r\n<td style=\"padding: 8px; border: 1px solid #ccc; vertical-align: middle;\">Hi\u1ec7p h\u1ed9i doanh nghi\u1ec7p Th\u00e0nh ph\u1ed1 H\u1ed3 Ch\u00ed Minh ch\u1ee9ng nh\u1eadn S\u1ea3n ph\u1ea9m B\u00e1nh trung thu ABC l\u00e0 s\u1ea3n ph\u1ea9m ti\u00eau bi\u1ec3u<\/td>\r\n<\/tr>\r\n<tr>\r\n<td style=\"padding: 8px; border: 1px solid #ccc; vertical-align: middle;\">Kao Si\u00eau L\u1ef1c \u0111\u01b0\u1ee3c trao t\u1eb7ng k\u1ec9 l\u1ee5c VietKings l\u00e0 ng\u01b0\u1eddi s\u00e1ng t\u1ea1o th\u00e0nh c\u00f4ng c\u00f4ng th\u1ee9c b\u00e1nh m\u00ec thanh long gi\u1ea3i c\u1ee9u n\u00f4ng s\u1ea3n Vi\u1ec7t<\/td>\r\n<\/tr>\r\n<tr>\r\n<td style=\"padding: 8px; border: 1px solid #ccc; vertical-align: middle;\">H\u1ed9i Doanh nghi\u1ec7p H\u00e0ng Vi\u1ec7t Nam ch\u1ea5t l\u01b0\u1ee3ng cao trao ch\u1ee9ng nh\u1eadn \u0111\u1ea1t danh hi\u1ec7u H\u00e0ng Vi\u1ec7t Nam ch\u1ea5t l\u01b0\u1ee3ng cao do Ng\u01b0\u1eddi ti\u00eau d\u00f9ng b\u00ecnh ch\u1ecdn<\/td>\r\n<\/tr>\r\n<tr>\r\n<td style=\"padding: 8px; border: 1px solid #ccc; text-align: center; vertical-align: middle;\" rowspan=\"3\">2021<\/td>\r\n<td style=\"padding: 8px; border: 1px solid #ccc; vertical-align: middle;\">H\u1ed9i Doanh nghi\u1ec7p H\u00e0ng Vi\u1ec7t Nam ch\u1ea5t l\u01b0\u1ee3ng cao trao ch\u1ee9ng nh\u1eadn \u0111\u1ea1t danh hi\u1ec7u H\u00e0ng Vi\u1ec7t Nam ch\u1ea5t l\u01b0\u1ee3ng cao do Ng\u01b0\u1eddi ti\u00eau d\u00f9ng b\u00ecnh ch\u1ecdn<\/td>\r\n<\/tr>\r\n<tr>\r\n<td style=\"padding: 8px; border: 1px solid #ccc; vertical-align: middle;\">Hi\u1ec7p h\u1ed9i doanh nghi\u1ec7p Th\u00e0nh ph\u1ed1 H\u1ed3 Ch\u00ed Minh ch\u1ee9ng nh\u1eadn S\u1ea3n ph\u1ea9m B\u00e1nh trung thu ABC l\u00e0 s\u1ea3n ph\u1ea9m ti\u00eau bi\u1ec3u<\/td>\r\n<\/tr>\r\n<tr>\r\n<td style=\"padding: 8px; border: 1px solid #ccc; vertical-align: middle;\">H\u1ed9i Doanh nghi\u1ec7p H\u00e0ng Vi\u1ec7t Nam ch\u1ea5t l\u01b0\u1ee3ng cao trao ch\u1ee9ng nh\u1eadn \u0111\u1ea1t danh hi\u1ec7u H\u00e0ng Vi\u1ec7t Nam ch\u1ea5t l\u01b0\u1ee3ng cao<\/td>\r\n<\/tr>\r\n<tr>\r\n<td style=\"padding: 8px; border: 1px solid #ccc; text-align: center; vertical-align: middle;\" rowspan=\"2\">2022-2024<\/td>\r\n<td style=\"padding: 8px; border: 1px solid #ccc; vertical-align: middle;\">H\u1ed9i Doanh nghi\u1ec7p H\u00e0ng Vi\u1ec7t Nam ch\u1ea5t l\u01b0\u1ee3ng cao trao ch\u1ee9ng nh\u1eadn \u0111\u1ea1t danh hi\u1ec7u H\u00e0ng Vi\u1ec7t Nam ch\u1ea5t l\u01b0\u1ee3ng cao do Ng\u01b0\u1eddi ti\u00eau d\u00f9ng b\u00ecnh ch\u1ecdn<\/td>\r\n<\/tr>\r\n<tr>\r\n<td style=\"padding: 8px; border: 1px solid #ccc; vertical-align: middle;\">Hi\u1ec7p h\u1ed9i doanh nghi\u1ec7p Th\u00e0nh ph\u1ed1 H\u1ed3 Ch\u00ed Minh ch\u1ee9ng nh\u1eadn S\u1ea3n ph\u1ea9m B\u00e1nh trung thu ABC l\u00e0 s\u1ea3n ph\u1ea9m ti\u00eau bi\u1ec3u<\/td>\r\n<\/tr>\r\n<\/tbody>\r\n<\/table>\r\n<\/figure>\r\n<p>\u00a0[\/vc_column_text][\/vc_column][\/vc_row][vc_row row_content_width=&#8221;grid&#8221;][vc_column]<div class=\"edgtf-section-title-holder\" >\n\t\t\t\t\t<h2 class=\"edgtf-st-title\" style=\"color: #303030;font-weight: 600\">\n\t\t\t<span>Ch\u1ee9ng nh\u1eadn v\u00e0 b\u1eb1ng khen<\/span>\n\t\t<\/h2>\n\t\t<\/div>[\/vc_column][\/vc_row][vc_row row_content_width=&#8221;grid&#8221; css=&#8221;.vc_custom_1733805569946{padding-top: 63px !important;padding-bottom: 73px !important;}&#8221;][vc_column][vc_gallery interval=&#8221;3&#8243; images=&#8221;12166,12168,12169,12170,12171,12172,12174,12165&#8243; img_size=&#8221;full&#8221; css=&#8221;&#8221; el_id=&#8221;custom-slider-gallery&#8221;][\/vc_column][\/vc_row][vc_row][vc_column][vc_column_text][\/vc_column_text][\/vc_column][\/vc_row]<\/p><\/div>","protected":false},"excerpt":{"rendered":"<p>[vc_row css=&#8221;.vc_custom_1488536699571{padding-top: 70px !important;padding-bottom: 6px !important;}&#8221;][vc_column][vc_row_inner row_content_width=&#8221;grid&#8221;][vc_column_inner offset=&#8221;vc_col-lg-6 vc_col-md-12&#8243;][\/vc_column_inner][vc_column_inner offset=&#8221;vc_col-lg-6 vc_col-md-12 vc_col-xs-12&#8243;][\/vc_column_inner][\/vc_row_inner][\/vc_column][\/vc_row][vc_row row_content_width=&#8221;grid&#8221; css=&#8221;.vc_custom_1490865294918{padding-bottom: 42px !important;}&#8221;][vc_column width=&#8221;1\/2&#8243; offset=&#8221;vc_col-lg-3 vc_col-md-3&#8243;][vc_single_image image=&#8221;12118&#8243; img_size=&#8221;full&#8221; css=&#8221;&#8221;][vc_empty_space height=&#8221;50px&#8221;][vc_column_text css=&#8221;&#8221;] ABC Bakery lu\u00f4n mang \u0111\u1ebfn s\u1ef1 h\u00e0i l\u00f2ng t\u1ed1t nh\u1ea5t v\u1edbi nh\u1eefng s\u1ea3n ph\u1ea9m ch\u1ea5t l\u01b0\u1ee3ng [&hellip;]<\/p>\n","protected":false},"author":1,"featured_media":0,"parent":0,"menu_order":0,"comment_status":"closed","ping_status":"closed","template":"full-width.php","meta":{"footnotes":""},"class_list":["post-8580","page","type-page","status-publish","hentry"],"_links":{"self":[{"href":"https:\/\/abcbakery.co\/index.php?rest_route=\/wp\/v2\/pages\/8580","targetHints":{"allow":["GET"]}}],"collection":[{"href":"https:\/\/abcbakery.co\/index.php?rest_route=\/wp\/v2\/pages"}],"about":[{"href":"https:\/\/abcbakery.co\/index.php?rest_route=\/wp\/v2\/types\/page"}],"author":[{"embeddable":true,"href":"https:\/\/abcbakery.co\/index.php?rest_route=\/wp\/v2\/users\/1"}],"replies":[{"embeddable":true,"href":"https:\/\/abcbakery.co\/index.php?rest_route=%2Fwp%2Fv2%2Fcomments&post=8580"}],"version-history":[{"count":44,"href":"https:\/\/abcbakery.co\/index.php?rest_route=\/wp\/v2\/pages\/8580\/revisions"}],"predecessor-version":[{"id":12700,"href":"https:\/\/abcbakery.co\/index.php?rest_route=\/wp\/v2\/pages\/8580\/revisions\/12700"}],"wp:attachment":[{"href":"https:\/\/abcbakery.co\/index.php?rest_route=%2Fwp%2Fv2%2Fmedia&parent=8580"}],"curies":[{"name":"wp","href":"https:\/\/api.w.org\/{rel}","templated":true}]}}